{"id":93,"date":"2025-03-16T10:55:49","date_gmt":"2025-03-16T10:55:49","guid":{"rendered":"https:\/\/wordpress-1205845-5339156.cloudwaysapps.com\/?page_id=93"},"modified":"2025-03-16T11:00:39","modified_gmt":"2025-03-16T11:00:39","slug":"politica-de-privacidad","status":"publish","type":"page","link":"https:\/\/www.onlyfa.app\/es\/politica-de-privacidad\/","title":{"rendered":"Pol\u00edtica de privacidad"},"content":{"rendered":"<div data-elementor-type=\"wp-page\" data-elementor-id=\"93\" class=\"elementor elementor-93\">\n\t\t\t\t<div class=\"elementor-element elementor-element-d26db4e e-grid e-con-boxed e-con e-parent\" data-id=\"d26db4e\" data-element_type=\"container\" data-e-type=\"container\" data-settings=\"{&quot;background_background&quot;:&quot;classic&quot;}\">\n\t\t\t\t\t<div class=\"e-con-inner\">\n\t\t<div class=\"elementor-element elementor-element-969db52 e-flex e-con-boxed e-con e-child\" data-id=\"969db52\" data-element_type=\"container\" data-e-type=\"container\">\n\t\t\t\t\t<div class=\"e-con-inner\">\n\t\t\t\t<div class=\"elementor-element elementor-element-d3a9972 elementor-widget elementor-widget-heading\" data-id=\"d3a9972\" data-element_type=\"widget\" data-e-type=\"widget\" data-widget_type=\"heading.default\">\n\t\t\t\t<div class=\"elementor-widget-container\">\n\t\t\t\t\t<h1 class=\"elementor-heading-title elementor-size-default\">Pol\u00edtica de privacidad<\/h1>\t\t\t\t<\/div>\n\t\t\t\t<\/div>\n\t\t\t\t<div class=\"elementor-element elementor-element-0e682a9 elementor-widget elementor-widget-text-editor\" data-id=\"0e682a9\" data-element_type=\"widget\" data-e-type=\"widget\" data-widget_type=\"text-editor.default\">\n\t\t\t\t<div class=\"elementor-widget-container\">\n\t\t\t\t\t\t\t\t\t<p data-start=\"59\" data-end=\"298\">Bienvenido a <a href=\"\/es\/\"><strong data-start=\"70\" data-end=\"86\">Aplicaci\u00f3n OnlyFans<\/strong><\/a>. Su privacidad es importante para nosotros. Este <strong data-start=\"126\" data-end=\"144\">Pol\u00edtica de privacidad<\/strong> explica c\u00f3mo recopilamos, utilizamos y protegemos su informaci\u00f3n personal cuando visita nuestro sitio web, utiliza nuestros servicios o descarga el <strong data-start=\"275\" data-end=\"295\">OnlyFans App APK<\/strong>.<\/p><p data-start=\"300\" data-end=\"439\">Al utilizar nuestro sitio web, usted acepta los t\u00e9rminos expuestos en esta Pol\u00edtica de privacidad. Si no est\u00e1 de acuerdo, le rogamos que deje de utilizar nuestros servicios.<\/p><hr data-start=\"441\" data-end=\"444\" \/><h2 data-start=\"446\" data-end=\"480\"><strong data-start=\"449\" data-end=\"478\">1. Informaci\u00f3n que recopilamos<\/strong><\/h2><p data-start=\"482\" data-end=\"571\">Recopilamos diversos tipos de datos para mejorar nuestro sitio web y garantizar una experiencia segura.<\/p><h3 data-start=\"573\" data-end=\"614\"><strong data-start=\"577\" data-end=\"612\">A. Datos recogidos autom\u00e1ticamente<\/strong><\/h3><p data-start=\"615\" data-end=\"1015\">Cuando visita nuestro sitio web, recopilamos determinados datos autom\u00e1ticamente a trav\u00e9s de tecnolog\u00edas de seguimiento como <strong data-start=\"719\" data-end=\"770\">cookies, herramientas de an\u00e1lisis y servicios de seguridad<\/strong>. Estos datos incluyen:<br data-start=\"791\" data-end=\"794\" \/>\u2714\ufe0f <strong data-start=\"797\" data-end=\"811\">Direcci\u00f3n IP<\/strong><br data-start=\"811\" data-end=\"814\" \/>\u2714\ufe0f <strong data-start=\"817\" data-end=\"839\">Informaci\u00f3n sobre el dispositivo<\/strong> (Tipo de navegador, sistema operativo, modelo de dispositivo, etc.)<br data-start=\"892\" data-end=\"895\" \/>\u2714\ufe0f <strong data-start=\"898\" data-end=\"915\">Datos de localizaci\u00f3n<\/strong> (Si est\u00e1 activado en tu dispositivo)<br data-start=\"943\" data-end=\"946\" \/>\u2714\ufe0f <strong data-start=\"949\" data-end=\"971\">Datos de uso del sitio web<\/strong> (P\u00e1ginas visitadas, tiempo empleado, clics, etc.)<\/p><p data-start=\"1017\" data-end=\"1092\">Estos datos nos ayudan a analizar el comportamiento de los usuarios y a mejorar el rendimiento del sitio web.<\/p><h3 data-start=\"1094\" data-end=\"1130\"><strong data-start=\"1098\" data-end=\"1128\">B. Informaci\u00f3n facilitada por el usuario<\/strong><\/h3><p data-start=\"1131\" data-end=\"1330\">Si interact\u00faa con nosotros rellenando un formulario de contacto, suscribi\u00e9ndose a nuestro bolet\u00edn o envi\u00e1ndonos un correo electr\u00f3nico, podemos recopilar:<br data-start=\"1248\" data-end=\"1251\" \/>\u2714\ufe0f <strong data-start=\"1254\" data-end=\"1267\">Su nombre<\/strong><br data-start=\"1267\" data-end=\"1270\" \/>\u2714\ufe0f <strong data-start=\"1273\" data-end=\"1295\">Su direcci\u00f3n de correo electr\u00f3nico<\/strong><br data-start=\"1295\" data-end=\"1298\" \/>\u2714\ufe0f <strong data-start=\"1301\" data-end=\"1328\">Su mensaje o consulta<\/strong><\/p><p data-start=\"1332\" data-end=\"1450\">Lo hacemos <strong data-start=\"1338\" data-end=\"1345\">no<\/strong> recopilar informaci\u00f3n personal confidencial, como datos financieros, contrase\u00f1as o documentos de identidad oficiales.<\/p><hr data-start=\"1452\" data-end=\"1455\" \/><h2 data-start=\"1457\" data-end=\"1496\"><strong data-start=\"1460\" data-end=\"1494\">2. C\u00f3mo utilizamos su informaci\u00f3n<\/strong><\/h2><p data-start=\"1498\" data-end=\"1987\">Utilizamos la informaci\u00f3n recopilada para los siguientes fines:<br data-start=\"1554\" data-end=\"1557\" \/>\u2705 <strong data-start=\"1559\" data-end=\"1590\">Mejorar el rendimiento del sitio web<\/strong> - Rastree el comportamiento de los visitantes para optimizar la experiencia del usuario.<br data-start=\"1644\" data-end=\"1647\" \/>\u2705 <strong data-start=\"1649\" data-end=\"1680\">Seguridad y prevenci\u00f3n del fraude<\/strong> - Protecci\u00f3n contra ataques maliciosos mediante <strong data-start=\"1723\" data-end=\"1737\">Cloudflare<\/strong>.<br data-start=\"1738\" data-end=\"1741\" \/>\u2705 <strong data-start=\"1743\" data-end=\"1770\">Publicidad y marketing<\/strong> - Mostrar anuncios personalizados a trav\u00e9s de <strong data-start=\"1802\" data-end=\"1816\">Anuncios Google<\/strong>.<br data-start=\"1817\" data-end=\"1820\" \/>\u2705 <strong data-start=\"1822\" data-end=\"1846\">An\u00e1lisis e informaci\u00f3n<\/strong> - Utilizaci\u00f3n <strong data-start=\"1853\" data-end=\"1873\">Google Analytics<\/strong> para analizar el tr\u00e1fico y las tendencias.<br data-start=\"1904\" data-end=\"1907\" \/>\u2705 <strong data-start=\"1909\" data-end=\"1926\">Comunicaci\u00f3n<\/strong> - Responder a las consultas, prestar asistencia y enviar actualizaciones.<\/p><p data-start=\"1989\" data-end=\"2062\">Nosotros <strong data-start=\"1992\" data-end=\"2023\">no venda, alquile ni intercambie<\/strong> sus datos personales a terceros.<\/p><hr data-start=\"2064\" data-end=\"2067\" \/><h2 data-start=\"2069\" data-end=\"2114\"><strong data-start=\"2072\" data-end=\"2112\">3. Cookies y tecnolog\u00edas de seguimiento<\/strong><\/h2><p data-start=\"2116\" data-end=\"2209\">Utilizamos cookies y tecnolog\u00edas similares para mejorar su experiencia de navegaci\u00f3n. Entre ellas se incluyen:<\/p><p data-start=\"2211\" data-end=\"2522\">\ud83d\udd39 <strong data-start=\"2214\" data-end=\"2236\">Cookies esenciales:<\/strong> Necesario para el funcionamiento del sitio web.<br data-start=\"2273\" data-end=\"2276\" \/>\ud83d\udd39 <strong data-start=\"2279\" data-end=\"2301\">Cookies anal\u00edticas:<\/strong> Utilizado por <strong data-start=\"2310\" data-end=\"2330\">Google Analytics<\/strong> para rastrear las interacciones de los usuarios.<br data-start=\"2358\" data-end=\"2361\" \/>\ud83d\udd39 <strong data-start=\"2364\" data-end=\"2388\">Cookies publicitarias:<\/strong> Utilizado por <strong data-start=\"2397\" data-end=\"2411\">Anuncios Google<\/strong> para mostrar anuncios relevantes.<br data-start=\"2447\" data-end=\"2450\" \/>\ud83d\udd39 <strong data-start=\"2453\" data-end=\"2474\">Cookies de seguridad:<\/strong> Gestionado por <strong data-start=\"2486\" data-end=\"2500\">Cloudflare<\/strong> para evitar ataques.<\/p><p data-start=\"2524\" data-end=\"2651\">Puede gestionar o desactivar las cookies a trav\u00e9s de la configuraci\u00f3n de su navegador. Sin embargo, desactivar las cookies puede afectar a la funcionalidad del sitio web.<\/p><hr data-start=\"2653\" data-end=\"2656\" \/><h2 data-start=\"2658\" data-end=\"2697\"><strong data-start=\"2661\" data-end=\"2695\">4. Servicios de terceros que utilizamos<\/strong><\/h2><h3 data-start=\"2699\" data-end=\"2722\"><strong data-start=\"2703\" data-end=\"2720\">A. Anuncios Google<\/strong><\/h3><p data-start=\"2723\" data-end=\"2833\">Utilizamos <strong data-start=\"2730\" data-end=\"2744\">Anuncios Google<\/strong> para publicar anuncios relevantes. Google puede recopilar datos de navegaci\u00f3n para personalizar los anuncios.<\/p><p data-start=\"2835\" data-end=\"2934\"><strong data-start=\"2835\" data-end=\"2877\">Para no recibir anuncios personalizados, visite<\/strong> <a href=\"https:\/\/adssettings.google.com\/\" target=\"_blank\" rel=\"noopener\" data-start=\"2878\" data-end=\"2932\">Configuraci\u00f3n de anuncios de Google<\/a><\/p><h3 data-start=\"2936\" data-end=\"2965\"><strong data-start=\"2940\" data-end=\"2963\">B. Google Analytics<\/strong><\/h3><p data-start=\"2966\" data-end=\"3104\">Utilizamos <strong data-start=\"2973\" data-end=\"2993\">Google Analytics<\/strong> para rastrear el tr\u00e1fico del sitio web y mejorar su rendimiento. Este servicio recopila datos an\u00f3nimos sobre el comportamiento de los usuarios.<\/p><p data-start=\"3106\" data-end=\"3197\"><strong data-start=\"3106\" data-end=\"3134\">Para m\u00e1s informaci\u00f3n, visite<\/strong> <a href=\"https:\/\/policies.google.com\/\" target=\"_blank\" rel=\"noopener\" data-start=\"3135\" data-end=\"3195\">Pol\u00edtica de privacidad de Google<\/a><\/p><h3 data-start=\"3199\" data-end=\"3222\"><strong data-start=\"3203\" data-end=\"3220\">C. Cloudflare<\/strong><\/h3><p data-start=\"3223\" data-end=\"3368\">Utilizamos <strong data-start=\"3230\" data-end=\"3244\">Cloudflare<\/strong> para proteger nuestro sitio web de ciberamenazas y mejorar su rendimiento. Cloudflare puede recopilar direcciones IP y registros de seguridad.<\/p><p data-start=\"3370\" data-end=\"3471\"><strong data-start=\"3370\" data-end=\"3398\">Para m\u00e1s informaci\u00f3n, visite<\/strong> <a href=\"https:\/\/www.cloudflare.com\/privacypolicy\/\" target=\"_blank\" rel=\"noopener\" data-start=\"3399\" data-end=\"3469\">Pol\u00edtica de privacidad de Cloudflare<\/a><\/p><h3 data-start=\"3473\" data-end=\"3509\"><strong data-start=\"3477\" data-end=\"3507\">D. Terceros anunciantes<\/strong><\/h3><p data-start=\"3510\" data-end=\"3688\">Adem\u00e1s de Google Ads, podemos trabajar con otros <strong data-start=\"3553\" data-end=\"3577\">redes publicitarias<\/strong> que utilizan cookies para mostrar anuncios relevantes. Estos terceros pueden recopilar datos de navegaci\u00f3n para personalizar el contenido.<\/p><hr data-start=\"3690\" data-end=\"3693\" \/><h2 data-start=\"3695\" data-end=\"3735\"><strong data-start=\"3698\" data-end=\"3733\">5. 5. Protecci\u00f3n de datos y seguridad<\/strong><\/h2><p data-start=\"3737\" data-end=\"4055\">Nos tomamos en serio la seguridad y aplicamos medidas para proteger su informaci\u00f3n personal:<br data-start=\"3824\" data-end=\"3827\" \/>\u2714\ufe0f <strong data-start=\"3830\" data-end=\"3848\">Cifrado SSL<\/strong> - Transmisi\u00f3n segura de datos por Internet.<br data-start=\"3894\" data-end=\"3897\" \/>\u2714\ufe0f <strong data-start=\"3900\" data-end=\"3925\">Protecci\u00f3n de Cloudflare<\/strong> - Previene las ciberamenazas y los ataques DDoS.<br data-start=\"3968\" data-end=\"3971\" \/>\u2714\ufe0f <strong data-start=\"3974\" data-end=\"4001\">Auditor\u00edas de seguridad peri\u00f3dicas<\/strong> - Detectar vulnerabilidades y garantizar la seguridad de los datos.<\/p><p data-start=\"4057\" data-end=\"4143\">A pesar de estos esfuerzos, ning\u00fan sitio web es 100% seguro. Utilice nuestros servicios por su cuenta y riesgo.<\/p><hr data-start=\"4145\" data-end=\"4148\" \/><h2 data-start=\"4150\" data-end=\"4185\"><strong data-start=\"4153\" data-end=\"4183\">6. Sus derechos y opciones<\/strong><\/h2><p data-start=\"4187\" data-end=\"4550\">Usted tiene los siguientes derechos en relaci\u00f3n con sus datos personales:<br data-start=\"4246\" data-end=\"4249\" \/>\u2705 <strong data-start=\"4251\" data-end=\"4271\">Acceda a sus datos<\/strong> - Solicite informaci\u00f3n sobre los datos de que disponemos.<br data-start=\"4318\" data-end=\"4321\" \/>\u2705 <strong data-start=\"4323\" data-end=\"4344\">Corrija sus datos<\/strong> - P\u00eddanos que actualicemos o corrijamos la informaci\u00f3n incorrecta.<br data-start=\"4393\" data-end=\"4396\" \/>\u2705 <strong data-start=\"4398\" data-end=\"4418\">Borrar sus datos<\/strong> - Solicitar la eliminaci\u00f3n de su informaci\u00f3n personal.<br data-start=\"4470\" data-end=\"4473\" \/>\u2705 <strong data-start=\"4475\" data-end=\"4498\">Exclusi\u00f3n voluntaria del seguimiento<\/strong> - Desactivar las cookies o excluirse de los anuncios personalizados.<\/p><p data-start=\"4552\" data-end=\"4630\">Para ejercer estos derechos, p\u00f3ngase en contacto con nosotros en onlyfansunofficial@gmail.com.<\/p><hr data-start=\"4632\" data-end=\"4635\" \/><h2 data-start=\"4637\" data-end=\"4678\"><strong data-start=\"4640\" data-end=\"4676\">7. Enlaces a sitios web de terceros<\/strong><\/h2><p data-start=\"4680\" data-end=\"4869\">Nuestro sitio web puede contener enlaces a sitios web externos (como OnlyFans.com). Somos <strong data-start=\"4762\" data-end=\"4781\">no responsable<\/strong> para conocer sus pol\u00edticas de privacidad. Revise sus condiciones antes de compartir cualquier informaci\u00f3n.<\/p><hr data-start=\"4871\" data-end=\"4874\" \/><h2 data-start=\"4876\" data-end=\"4906\"><strong data-start=\"4879\" data-end=\"4904\">8. Privacidad infantil<\/strong><\/h2><p data-start=\"4908\" data-end=\"5127\">Nuestros servicios son <strong data-start=\"4925\" data-end=\"4971\">no destinado a usuarios menores de 18 a\u00f1os<\/strong>. No recopilamos conscientemente datos personales de menores. Si cree que un menor nos ha proporcionado informaci\u00f3n, p\u00f3ngase en contacto con nosotros para su eliminaci\u00f3n inmediata.<\/p><hr data-start=\"5129\" data-end=\"5132\" \/><h2 data-start=\"5134\" data-end=\"5176\"><strong data-start=\"5137\" data-end=\"5174\">9. Cambios en esta pol\u00edtica de privacidad<\/strong><\/h2><p data-start=\"5178\" data-end=\"5317\">Es posible que actualicemos este <strong data-start=\"5197\" data-end=\"5215\">Pol\u00edtica de privacidad<\/strong> peri\u00f3dicamente. Cualquier cambio se publicar\u00e1 en esta p\u00e1gina, y le animamos a que la revise con regularidad.<\/p><hr data-start=\"5352\" data-end=\"5355\" \/><h2 data-start=\"5357\" data-end=\"5380\"><strong data-start=\"5360\" data-end=\"5378\">10. Contacto<\/strong><\/h2><p data-start=\"5382\" data-end=\"5460\">Si tiene alguna pregunta sobre esta Pol\u00edtica de privacidad, p\u00f3ngase en contacto con nosotros:<\/p><p data-start=\"5382\" data-end=\"5460\">\ud83d\udccd <strong data-start=\"5543\" data-end=\"5561\">Apoyo:<\/strong>\u00a0 <a href=\"\/es\/contacto\/\">P\u00f3ngase en contacto con nosotros<\/a><\/p><p data-start=\"5606\" data-end=\"5738\" data-is-last-node=\"\" data-is-only-node=\"\">Al utilizar nuestro sitio web y descargar el <strong data-start=\"5647\" data-end=\"5667\">OnlyFans App APK<\/strong>reconoce que ha le\u00eddo y aceptado esta Pol\u00edtica de privacidad.<\/p>\t\t\t\t\t\t\t\t<\/div>\n\t\t\t\t<\/div>\n\t\t\t\t\t<\/div>\n\t\t\t\t<\/div>\n\t\t\t\t\t<\/div>\n\t\t\t\t<\/div>\n\t\t\t\t<\/div>","protected":false},"excerpt":{"rendered":"<p>Privacy Policy Welcome to OnlyFans App. Your privacy is important to us. This Privacy Policy explains how we collect, use, and protect your personal information when you visit our website, use our services, or download the OnlyFans App APK. By using our website, you agree to the terms outlined in this Privacy Policy. If you&hellip;<\/p>","protected":false},"author":1,"featured_media":0,"parent":0,"menu_order":0,"comment_status":"closed","ping_status":"closed","template":"elementor_header_footer","meta":{"footnotes":""},"class_list":["post-93","page","type-page","status-publish","hentry"],"yoast_head":"<!-- This site is optimized with the Yoast SEO plugin v27.0 - https:\/\/yoast.com\/product\/yoast-seo-wordpress\/ -->\n<title>Privacy Policy<\/title>\n<meta name=\"robots\" content=\"index, follow, max-snippet:-1, max-image-preview:large, max-video-preview:-1\" \/>\n<link rel=\"canonical\" href=\"https:\/\/www.onlyfa.app\/es\/politica-de-privacidad\/\" \/>\n<meta property=\"og:locale\" content=\"es_ES\" \/>\n<meta property=\"og:type\" content=\"article\" \/>\n<meta property=\"og:title\" content=\"Privacy Policy\" \/>\n<meta property=\"og:description\" content=\"Privacy Policy Welcome to OnlyFans App. Your privacy is important to us. This Privacy Policy explains how we collect, use, and protect your personal information when you visit our website, use our services, or download the OnlyFans App APK. By using our website, you agree to the terms outlined in this Privacy Policy. If you&hellip;\" \/>\n<meta property=\"og:url\" content=\"https:\/\/www.onlyfa.app\/es\/politica-de-privacidad\/\" \/>\n<meta property=\"og:site_name\" content=\"OnlyFans\" \/>\n<meta property=\"article:modified_time\" content=\"2025-03-16T11:00:39+00:00\" \/>\n<meta property=\"og:image\" content=\"https:\/\/www.onlyfa.app\/wp-content\/uploads\/OnlyFans-Apk-Download.png\" \/>\n\t<meta property=\"og:image:width\" content=\"1280\" \/>\n\t<meta property=\"og:image:height\" content=\"720\" \/>\n\t<meta property=\"og:image:type\" content=\"image\/png\" \/>\n<meta name=\"twitter:card\" content=\"summary_large_image\" \/>\n<meta name=\"twitter:label1\" content=\"Tiempo de lectura\" \/>\n\t<meta name=\"twitter:data1\" content=\"4 minutos\" \/>\n<script type=\"application\/ld+json\" class=\"yoast-schema-graph\">{\"@context\":\"https:\/\/schema.org\",\"@graph\":[{\"@type\":\"WebPage\",\"@id\":\"https:\/\/www.onlyfa.app\/privacy-policy\/\",\"url\":\"https:\/\/www.onlyfa.app\/privacy-policy\/\",\"name\":\"Privacy Policy\",\"isPartOf\":{\"@id\":\"https:\/\/www.onlyfa.app\/#website\"},\"datePublished\":\"2025-03-16T10:55:49+00:00\",\"dateModified\":\"2025-03-16T11:00:39+00:00\",\"breadcrumb\":{\"@id\":\"https:\/\/www.onlyfa.app\/privacy-policy\/#breadcrumb\"},\"inLanguage\":\"es\",\"potentialAction\":[{\"@type\":\"ReadAction\",\"target\":[\"https:\/\/www.onlyfa.app\/privacy-policy\/\"]}]},{\"@type\":\"BreadcrumbList\",\"@id\":\"https:\/\/www.onlyfa.app\/privacy-policy\/#breadcrumb\",\"itemListElement\":[{\"@type\":\"ListItem\",\"position\":1,\"name\":\"Home\",\"item\":\"https:\/\/www.onlyfa.app\/\"},{\"@type\":\"ListItem\",\"position\":2,\"name\":\"Privacy Policy\"}]},{\"@type\":\"WebSite\",\"@id\":\"https:\/\/www.onlyfa.app\/#website\",\"url\":\"https:\/\/www.onlyfa.app\/\",\"name\":\"OnlyFans\",\"description\":\"Download OnlyFans App Apk\",\"publisher\":{\"@id\":\"https:\/\/www.onlyfa.app\/#organization\"},\"alternateName\":\"OnlyFans App\",\"potentialAction\":[{\"@type\":\"SearchAction\",\"target\":{\"@type\":\"EntryPoint\",\"urlTemplate\":\"https:\/\/www.onlyfa.app\/?s={search_term_string}\"},\"query-input\":{\"@type\":\"PropertyValueSpecification\",\"valueRequired\":true,\"valueName\":\"search_term_string\"}}],\"inLanguage\":\"es\"},{\"@type\":\"Organization\",\"@id\":\"https:\/\/www.onlyfa.app\/#organization\",\"name\":\"OnlyFans\",\"alternateName\":\"OnlyFans App\",\"url\":\"https:\/\/www.onlyfa.app\/\",\"logo\":{\"@type\":\"ImageObject\",\"inLanguage\":\"es\",\"@id\":\"https:\/\/www.onlyfa.app\/#\/schema\/logo\/image\/\",\"url\":\"https:\/\/onlyfa.app\/wp-content\/uploads\/OnlyFans-Icon.png\",\"contentUrl\":\"https:\/\/onlyfa.app\/wp-content\/uploads\/OnlyFans-Icon.png\",\"width\":512,\"height\":512,\"caption\":\"OnlyFans\"},\"image\":{\"@id\":\"https:\/\/www.onlyfa.app\/#\/schema\/logo\/image\/\"}}]}<\/script>\n<!-- \/ Yoast SEO plugin. -->","yoast_head_json":{"title":"Pol\u00edtica de privacidad","robots":{"index":"index","follow":"follow","max-snippet":"max-snippet:-1","max-image-preview":"max-image-preview:large","max-video-preview":"max-video-preview:-1"},"canonical":"https:\/\/www.onlyfa.app\/es\/politica-de-privacidad\/","og_locale":"es_ES","og_type":"article","og_title":"Privacy Policy","og_description":"Privacy Policy Welcome to OnlyFans App. Your privacy is important to us. This Privacy Policy explains how we collect, use, and protect your personal information when you visit our website, use our services, or download the OnlyFans App APK. By using our website, you agree to the terms outlined in this Privacy Policy. If you&hellip;","og_url":"https:\/\/www.onlyfa.app\/es\/politica-de-privacidad\/","og_site_name":"OnlyFans","article_modified_time":"2025-03-16T11:00:39+00:00","og_image":[{"width":1280,"height":720,"url":"https:\/\/www.onlyfa.app\/wp-content\/uploads\/OnlyFans-Apk-Download.png","type":"image\/png"}],"twitter_card":"summary_large_image","twitter_misc":{"Tiempo de lectura":"4 minutos"},"schema":{"@context":"https:\/\/schema.org","@graph":[{"@type":"WebPage","@id":"https:\/\/www.onlyfa.app\/privacy-policy\/","url":"https:\/\/www.onlyfa.app\/privacy-policy\/","name":"Pol\u00edtica de privacidad","isPartOf":{"@id":"https:\/\/www.onlyfa.app\/#website"},"datePublished":"2025-03-16T10:55:49+00:00","dateModified":"2025-03-16T11:00:39+00:00","breadcrumb":{"@id":"https:\/\/www.onlyfa.app\/privacy-policy\/#breadcrumb"},"inLanguage":"es","potentialAction":[{"@type":"ReadAction","target":["https:\/\/www.onlyfa.app\/privacy-policy\/"]}]},{"@type":"BreadcrumbList","@id":"https:\/\/www.onlyfa.app\/privacy-policy\/#breadcrumb","itemListElement":[{"@type":"ListItem","position":1,"name":"Home","item":"https:\/\/www.onlyfa.app\/"},{"@type":"ListItem","position":2,"name":"Privacy Policy"}]},{"@type":"WebSite","@id":"https:\/\/www.onlyfa.app\/#website","url":"https:\/\/www.onlyfa.app\/","name":"OnlyFans","description":"Descargar OnlyFans App Apk","publisher":{"@id":"https:\/\/www.onlyfa.app\/#organization"},"alternateName":"OnlyFans App","potentialAction":[{"@type":"SearchAction","target":{"@type":"EntryPoint","urlTemplate":"https:\/\/www.onlyfa.app\/?s={search_term_string}"},"query-input":{"@type":"PropertyValueSpecification","valueRequired":true,"valueName":"search_term_string"}}],"inLanguage":"es"},{"@type":"Organization","@id":"https:\/\/www.onlyfa.app\/#organization","name":"OnlyFans","alternateName":"OnlyFans App","url":"https:\/\/www.onlyfa.app\/","logo":{"@type":"ImageObject","inLanguage":"es","@id":"https:\/\/www.onlyfa.app\/#\/schema\/logo\/image\/","url":"https:\/\/onlyfa.app\/wp-content\/uploads\/OnlyFans-Icon.png","contentUrl":"https:\/\/onlyfa.app\/wp-content\/uploads\/OnlyFans-Icon.png","width":512,"height":512,"caption":"OnlyFans"},"image":{"@id":"https:\/\/www.onlyfa.app\/#\/schema\/logo\/image\/"}}]}},"_links":{"self":[{"href":"https:\/\/www.onlyfa.app\/es\/wp-json\/wp\/v2\/pages\/93","targetHints":{"allow":["GET"]}}],"collection":[{"href":"https:\/\/www.onlyfa.app\/es\/wp-json\/wp\/v2\/pages"}],"about":[{"href":"https:\/\/www.onlyfa.app\/es\/wp-json\/wp\/v2\/types\/page"}],"author":[{"embeddable":true,"href":"https:\/\/www.onlyfa.app\/es\/wp-json\/wp\/v2\/users\/1"}],"replies":[{"embeddable":true,"href":"https:\/\/www.onlyfa.app\/es\/wp-json\/wp\/v2\/comments?post=93"}],"version-history":[{"count":4,"href":"https:\/\/www.onlyfa.app\/es\/wp-json\/wp\/v2\/pages\/93\/revisions"}],"predecessor-version":[{"id":97,"href":"https:\/\/www.onlyfa.app\/es\/wp-json\/wp\/v2\/pages\/93\/revisions\/97"}],"wp:attachment":[{"href":"https:\/\/www.onlyfa.app\/es\/wp-json\/wp\/v2\/media?parent=93"}],"curies":[{"name":"wp","href":"https:\/\/api.w.org\/{rel}","templated":true}]}}