{"id":72,"date":"2025-03-16T10:41:54","date_gmt":"2025-03-16T10:41:54","guid":{"rendered":"https:\/\/wordpress-1205845-5339156.cloudwaysapps.com\/?page_id=72"},"modified":"2025-03-16T10:43:19","modified_gmt":"2025-03-16T10:43:19","slug":"a-propos-de-nous","status":"publish","type":"page","link":"https:\/\/www.onlyfa.app\/fr\/a-propos-de-nous\/","title":{"rendered":"\u00c0 propos de nous"},"content":{"rendered":"<div data-elementor-type=\"wp-page\" data-elementor-id=\"72\" class=\"elementor elementor-72\">\n\t\t\t\t<div class=\"elementor-element elementor-element-bd5cd3a e-grid e-con-boxed e-con e-parent\" data-id=\"bd5cd3a\" data-element_type=\"container\" data-e-type=\"container\" data-settings=\"{&quot;background_background&quot;:&quot;classic&quot;}\">\n\t\t\t\t\t<div class=\"e-con-inner\">\n\t\t<div class=\"elementor-element elementor-element-24c82c4 e-flex e-con-boxed e-con e-child\" data-id=\"24c82c4\" data-element_type=\"container\" data-e-type=\"container\">\n\t\t\t\t\t<div class=\"e-con-inner\">\n\t\t\t\t<div class=\"elementor-element elementor-element-83bb623 elementor-widget elementor-widget-heading\" data-id=\"83bb623\" data-element_type=\"widget\" data-e-type=\"widget\" data-widget_type=\"heading.default\">\n\t\t\t\t<div class=\"elementor-widget-container\">\n\t\t\t\t\t<h1 class=\"elementor-heading-title elementor-size-default\">\u00c0 propos de nous<\/h1>\t\t\t\t<\/div>\n\t\t\t\t<\/div>\n\t\t\t\t<div class=\"elementor-element elementor-element-720223a elementor-widget elementor-widget-text-editor\" data-id=\"720223a\" data-element_type=\"widget\" data-e-type=\"widget\" data-widget_type=\"text-editor.default\">\n\t\t\t\t<div class=\"elementor-widget-container\">\n\t\t\t\t\t\t\t\t\t<p data-start=\"20\" data-end=\"167\">Bienvenue \u00e0 <a href=\"\/fr\/\"><strong data-start=\"31\" data-end=\"47\">Application OnlyFans<\/strong><\/a>votre source de confiance pour le t\u00e9l\u00e9chargement de la <strong data-start=\"89\" data-end=\"109\">OnlyFans App APK<\/strong> et d'acc\u00e9der \u00e0 des contenus exclusifs sur votre appareil Android.<\/p><p data-start=\"169\" data-end=\"388\">Nous fournissons un <strong data-start=\"182\" data-end=\"223\">application tierce bas\u00e9e sur WebView<\/strong> qui offre la m\u00eame exp\u00e9rience que le site officiel <strong data-start=\"272\" data-end=\"292\">Site web d'OnlyFans<\/strong>Les utilisateurs peuvent ainsi parcourir le contenu, interagir avec les cr\u00e9ateurs et profiter facilement des fonctions premium.<\/p><p data-start=\"390\" data-end=\"503\">\ud83d\udccc <strong data-start=\"393\" data-end=\"411\">Pourquoi nous choisir ?<\/strong><br data-start=\"411\" data-end=\"414\" \/>\u2705 Safe &amp; Secure APK Downloads<br data-start=\"443\" data-end=\"446\" \/>Installation rapide et facile<br data-start=\"472\" data-end=\"475\" \/>\u2705 Acc\u00e8s transparent \u00e0 OnlyFans<\/p><p data-start=\"505\" data-end=\"645\"><strong data-start=\"505\" data-end=\"520\">Avis de non-responsabilit\u00e9 :<\/strong> Nous sommes <strong data-start=\"528\" data-end=\"560\">non affili\u00e9 \u00e0 OnlyFans<\/strong> et ne fournissent qu'un moyen alternatif d'acc\u00e9der \u00e0 son contenu par l'interm\u00e9diaire de notre site web. <strong data-start=\"627\" data-end=\"642\">Android APK<\/strong>.<\/p><p data-start=\"647\" data-end=\"750\">T\u00e9l\u00e9charger la derni\u00e8re version du <strong data-start=\"682\" data-end=\"702\">OnlyFans App APK<\/strong> d\u00e8s aujourd'hui et profitez d'une exp\u00e9rience de navigation fluide !<\/p><p data-start=\"752\" data-end=\"808\">Pour toute demande de renseignements, visitez notre <strong data-start=\"781\" data-end=\"800\"><a href=\"\/fr\/nous-contacter\/\" rel=\"noopener\" data-start=\"783\" data-end=\"798\">Nous contacter<\/a><\/strong> page.<\/p>\t\t\t\t\t\t\t\t<\/div>\n\t\t\t\t<\/div>\n\t\t\t\t\t<\/div>\n\t\t\t\t<\/div>\n\t\t\t\t\t<\/div>\n\t\t\t\t<\/div>\n\t\t\t\t<\/div>","protected":false},"excerpt":{"rendered":"<p>A propos de nous Bienvenue sur OnlyFans App, votre source de confiance pour t\u00e9l\u00e9charger l'application OnlyFans App APK et acc\u00e9der \u00e0 des contenus exclusifs sur votre appareil Android. Nous fournissons une application tierce bas\u00e9e sur WebView qui offre la m\u00eame exp\u00e9rience que le site officiel OnlyFans, permettant aux utilisateurs de parcourir le contenu, d'interagir avec les cr\u00e9ateurs et de profiter des fonctionnalit\u00e9s premium facilement. \ud83d\udccc Pourquoi choisir...<\/p>","protected":false},"author":1,"featured_media":0,"parent":0,"menu_order":0,"comment_status":"closed","ping_status":"closed","template":"elementor_header_footer","meta":{"footnotes":""},"class_list":["post-72","page","type-page","status-publish","hentry"],"yoast_head":"<!-- This site is optimized with the Yoast SEO plugin v27.0 - https:\/\/yoast.com\/product\/yoast-seo-wordpress\/ -->\n<title>About Us<\/title>\n<meta name=\"robots\" content=\"index, follow, max-snippet:-1, max-image-preview:large, max-video-preview:-1\" \/>\n<link rel=\"canonical\" href=\"https:\/\/www.onlyfa.app\/fr\/a-propos-de-nous\/\" \/>\n<meta property=\"og:locale\" content=\"fr_FR\" \/>\n<meta property=\"og:type\" content=\"article\" \/>\n<meta property=\"og:title\" content=\"About Us\" \/>\n<meta property=\"og:description\" content=\"About Us Welcome to OnlyFans App, your trusted source for downloading the OnlyFans App APK and accessing exclusive content on your Android device. We provide a third-party WebView-based application that offers the same experience as the official OnlyFans website, allowing users to browse content, interact with creators, and enjoy premium features easily. \ud83d\udccc Why Choose\u2026\" \/>\n<meta property=\"og:url\" content=\"https:\/\/www.onlyfa.app\/fr\/a-propos-de-nous\/\" \/>\n<meta property=\"og:site_name\" content=\"OnlyFans\" \/>\n<meta property=\"article:modified_time\" content=\"2025-03-16T10:43:19+00:00\" \/>\n<meta property=\"og:image\" content=\"https:\/\/www.onlyfa.app\/wp-content\/uploads\/OnlyFans-Apk-Download.png\" \/>\n\t<meta property=\"og:image:width\" content=\"1280\" \/>\n\t<meta property=\"og:image:height\" content=\"720\" \/>\n\t<meta property=\"og:image:type\" content=\"image\/png\" \/>\n<meta name=\"twitter:card\" content=\"summary_large_image\" \/>\n<meta name=\"twitter:label1\" content=\"Dur\u00e9e de lecture estim\u00e9e\" \/>\n\t<meta name=\"twitter:data1\" content=\"1 minute\" \/>\n<script type=\"application\/ld+json\" class=\"yoast-schema-graph\">{\"@context\":\"https:\/\/schema.org\",\"@graph\":[{\"@type\":\"WebPage\",\"@id\":\"https:\/\/www.onlyfa.app\/about-us\/\",\"url\":\"https:\/\/www.onlyfa.app\/about-us\/\",\"name\":\"About Us\",\"isPartOf\":{\"@id\":\"https:\/\/www.onlyfa.app\/#website\"},\"datePublished\":\"2025-03-16T10:41:54+00:00\",\"dateModified\":\"2025-03-16T10:43:19+00:00\",\"breadcrumb\":{\"@id\":\"https:\/\/www.onlyfa.app\/about-us\/#breadcrumb\"},\"inLanguage\":\"fr-FR\",\"potentialAction\":[{\"@type\":\"ReadAction\",\"target\":[\"https:\/\/www.onlyfa.app\/about-us\/\"]}]},{\"@type\":\"BreadcrumbList\",\"@id\":\"https:\/\/www.onlyfa.app\/about-us\/#breadcrumb\",\"itemListElement\":[{\"@type\":\"ListItem\",\"position\":1,\"name\":\"Home\",\"item\":\"https:\/\/www.onlyfa.app\/\"},{\"@type\":\"ListItem\",\"position\":2,\"name\":\"About Us\"}]},{\"@type\":\"WebSite\",\"@id\":\"https:\/\/www.onlyfa.app\/#website\",\"url\":\"https:\/\/www.onlyfa.app\/\",\"name\":\"OnlyFans\",\"description\":\"Download OnlyFans App Apk\",\"publisher\":{\"@id\":\"https:\/\/www.onlyfa.app\/#organization\"},\"alternateName\":\"OnlyFans App\",\"potentialAction\":[{\"@type\":\"SearchAction\",\"target\":{\"@type\":\"EntryPoint\",\"urlTemplate\":\"https:\/\/www.onlyfa.app\/?s={search_term_string}\"},\"query-input\":{\"@type\":\"PropertyValueSpecification\",\"valueRequired\":true,\"valueName\":\"search_term_string\"}}],\"inLanguage\":\"fr-FR\"},{\"@type\":\"Organization\",\"@id\":\"https:\/\/www.onlyfa.app\/#organization\",\"name\":\"OnlyFans\",\"alternateName\":\"OnlyFans App\",\"url\":\"https:\/\/www.onlyfa.app\/\",\"logo\":{\"@type\":\"ImageObject\",\"inLanguage\":\"fr-FR\",\"@id\":\"https:\/\/www.onlyfa.app\/#\/schema\/logo\/image\/\",\"url\":\"https:\/\/onlyfa.app\/wp-content\/uploads\/OnlyFans-Icon.png\",\"contentUrl\":\"https:\/\/onlyfa.app\/wp-content\/uploads\/OnlyFans-Icon.png\",\"width\":512,\"height\":512,\"caption\":\"OnlyFans\"},\"image\":{\"@id\":\"https:\/\/www.onlyfa.app\/#\/schema\/logo\/image\/\"}}]}<\/script>\n<!-- \/ Yoast SEO plugin. -->","yoast_head_json":{"title":"\u00c0 propos de nous","robots":{"index":"index","follow":"follow","max-snippet":"max-snippet:-1","max-image-preview":"max-image-preview:large","max-video-preview":"max-video-preview:-1"},"canonical":"https:\/\/www.onlyfa.app\/fr\/a-propos-de-nous\/","og_locale":"fr_FR","og_type":"article","og_title":"About Us","og_description":"About Us Welcome to OnlyFans App, your trusted source for downloading the OnlyFans App APK and accessing exclusive content on your Android device. We provide a third-party WebView-based application that offers the same experience as the official OnlyFans website, allowing users to browse content, interact with creators, and enjoy premium features easily. \ud83d\udccc Why Choose\u2026","og_url":"https:\/\/www.onlyfa.app\/fr\/a-propos-de-nous\/","og_site_name":"OnlyFans","article_modified_time":"2025-03-16T10:43:19+00:00","og_image":[{"width":1280,"height":720,"url":"https:\/\/www.onlyfa.app\/wp-content\/uploads\/OnlyFans-Apk-Download.png","type":"image\/png"}],"twitter_card":"summary_large_image","twitter_misc":{"Dur\u00e9e de lecture estim\u00e9e":"1 minute"},"schema":{"@context":"https:\/\/schema.org","@graph":[{"@type":"WebPage","@id":"https:\/\/www.onlyfa.app\/about-us\/","url":"https:\/\/www.onlyfa.app\/about-us\/","name":"\u00c0 propos de nous","isPartOf":{"@id":"https:\/\/www.onlyfa.app\/#website"},"datePublished":"2025-03-16T10:41:54+00:00","dateModified":"2025-03-16T10:43:19+00:00","breadcrumb":{"@id":"https:\/\/www.onlyfa.app\/about-us\/#breadcrumb"},"inLanguage":"fr-FR","potentialAction":[{"@type":"ReadAction","target":["https:\/\/www.onlyfa.app\/about-us\/"]}]},{"@type":"BreadcrumbList","@id":"https:\/\/www.onlyfa.app\/about-us\/#breadcrumb","itemListElement":[{"@type":"ListItem","position":1,"name":"Home","item":"https:\/\/www.onlyfa.app\/"},{"@type":"ListItem","position":2,"name":"About Us"}]},{"@type":"WebSite","@id":"https:\/\/www.onlyfa.app\/#website","url":"https:\/\/www.onlyfa.app\/","name":"OnlyFans","description":"T\u00e9l\u00e9charger OnlyFans App Apk","publisher":{"@id":"https:\/\/www.onlyfa.app\/#organization"},"alternateName":"OnlyFans App","potentialAction":[{"@type":"SearchAction","target":{"@type":"EntryPoint","urlTemplate":"https:\/\/www.onlyfa.app\/?s={search_term_string}"},"query-input":{"@type":"PropertyValueSpecification","valueRequired":true,"valueName":"search_term_string"}}],"inLanguage":"fr-FR"},{"@type":"Organization","@id":"https:\/\/www.onlyfa.app\/#organization","name":"OnlyFans","alternateName":"OnlyFans App","url":"https:\/\/www.onlyfa.app\/","logo":{"@type":"ImageObject","inLanguage":"fr-FR","@id":"https:\/\/www.onlyfa.app\/#\/schema\/logo\/image\/","url":"https:\/\/onlyfa.app\/wp-content\/uploads\/OnlyFans-Icon.png","contentUrl":"https:\/\/onlyfa.app\/wp-content\/uploads\/OnlyFans-Icon.png","width":512,"height":512,"caption":"OnlyFans"},"image":{"@id":"https:\/\/www.onlyfa.app\/#\/schema\/logo\/image\/"}}]}},"_links":{"self":[{"href":"https:\/\/www.onlyfa.app\/fr\/wp-json\/wp\/v2\/pages\/72","targetHints":{"allow":["GET"]}}],"collection":[{"href":"https:\/\/www.onlyfa.app\/fr\/wp-json\/wp\/v2\/pages"}],"about":[{"href":"https:\/\/www.onlyfa.app\/fr\/wp-json\/wp\/v2\/types\/page"}],"author":[{"embeddable":true,"href":"https:\/\/www.onlyfa.app\/fr\/wp-json\/wp\/v2\/users\/1"}],"replies":[{"embeddable":true,"href":"https:\/\/www.onlyfa.app\/fr\/wp-json\/wp\/v2\/comments?post=72"}],"version-history":[{"count":4,"href":"https:\/\/www.onlyfa.app\/fr\/wp-json\/wp\/v2\/pages\/72\/revisions"}],"predecessor-version":[{"id":76,"href":"https:\/\/www.onlyfa.app\/fr\/wp-json\/wp\/v2\/pages\/72\/revisions\/76"}],"wp:attachment":[{"href":"https:\/\/www.onlyfa.app\/fr\/wp-json\/wp\/v2\/media?parent=72"}],"curies":[{"name":"wp","href":"https:\/\/api.w.org\/{rel}","templated":true}]}}