{"id":77,"date":"2025-03-16T10:43:43","date_gmt":"2025-03-16T10:43:43","guid":{"rendered":"https:\/\/wordpress-1205845-5339156.cloudwaysapps.com\/?page_id=77"},"modified":"2025-03-16T10:45:11","modified_gmt":"2025-03-16T10:45:11","slug":"clause-de-non-responsabilite","status":"publish","type":"page","link":"https:\/\/www.onlyfa.app\/fr\/clause-de-non-responsabilite\/","title":{"rendered":"Clause de non-responsabilit\u00e9"},"content":{"rendered":"<div data-elementor-type=\"wp-page\" data-elementor-id=\"77\" class=\"elementor elementor-77\">\n\t\t\t\t<div class=\"elementor-element elementor-element-e06e26d e-grid e-con-boxed e-con e-parent\" data-id=\"e06e26d\" data-element_type=\"container\" data-e-type=\"container\" data-settings=\"{&quot;background_background&quot;:&quot;classic&quot;}\">\n\t\t\t\t\t<div class=\"e-con-inner\">\n\t\t<div class=\"elementor-element elementor-element-ee078d4 e-flex e-con-boxed e-con e-child\" data-id=\"ee078d4\" data-element_type=\"container\" data-e-type=\"container\">\n\t\t\t\t\t<div class=\"e-con-inner\">\n\t\t\t\t<div class=\"elementor-element elementor-element-d47259b elementor-widget elementor-widget-heading\" data-id=\"d47259b\" data-element_type=\"widget\" data-e-type=\"widget\" data-widget_type=\"heading.default\">\n\t\t\t\t<div class=\"elementor-widget-container\">\n\t\t\t\t\t<h1 class=\"elementor-heading-title elementor-size-default\">Clause de non-responsabilit\u00e9<\/h1>\t\t\t\t<\/div>\n\t\t\t\t<\/div>\n\t\t\t\t<div class=\"elementor-element elementor-element-e5f47bb elementor-widget elementor-widget-text-editor\" data-id=\"e5f47bb\" data-element_type=\"widget\" data-e-type=\"widget\" data-widget_type=\"text-editor.default\">\n\t\t\t\t<div class=\"elementor-widget-container\">\n\t\t\t\t\t\t\t\t\t<p data-start=\"837\" data-end=\"1064\"><a href=\"\/fr\/\"><strong data-start=\"837\" data-end=\"853\">Application OnlyFans<\/strong><\/a> est un <strong data-start=\"859\" data-end=\"886\">application tierce<\/strong> con\u00e7u pour permettre aux utilisateurs d'acc\u00e9der facilement aux <strong data-start=\"937\" data-end=\"958\">Plate-forme OnlyFans<\/strong> via un navigateur WebView. Nous sommes <strong data-start=\"989\" data-end=\"1050\">n'est pas affili\u00e9, approuv\u00e9 ou associ\u00e9 \u00e0 OnlyFans.com<\/strong> de quelque mani\u00e8re que ce soit.<\/p><ul data-start=\"1066\" data-end=\"1386\"><li data-start=\"1066\" data-end=\"1161\">Nous fournissons les <strong data-start=\"1083\" data-end=\"1103\">OnlyFans App APK<\/strong> en tant qu'outil bas\u00e9 sur le WebView pour acc\u00e9der au contenu d'OnlyFans.<\/li><li data-start=\"1162\" data-end=\"1229\">Nous <strong data-start=\"1167\" data-end=\"1205\">ne pas h\u00e9berger, modifier ou distribuer<\/strong> tout contenu OnlyFans.<\/li><li data-start=\"1230\" data-end=\"1303\">Toutes les marques, logos et contenus appartiennent \u00e0 leurs propri\u00e9taires respectifs.<\/li><li data-start=\"1304\" data-end=\"1386\">Les utilisateurs doivent respecter <strong data-start=\"1329\" data-end=\"1363\">Conditions g\u00e9n\u00e9rales d'OnlyFans<\/strong> lors de l'utilisation de notre application.<\/li><\/ul><p data-start=\"1388\" data-end=\"1555\">En t\u00e9l\u00e9chargeant et en utilisant notre APK, vous reconnaissez que nous ne sommes pas responsables des \u00e9l\u00e9ments suivants <strong data-start=\"1474\" data-end=\"1531\">les probl\u00e8mes li\u00e9s au compte, les paiements ou les politiques de contenu<\/strong> appliqu\u00e9 par OnlyFans.<\/p><p data-start=\"1557\" data-end=\"1647\">Pour plus de d\u00e9tails, visitez notre <strong data-start=\"1585\" data-end=\"1602\"><a href=\"\/fr\/a-propos-de-nous\/\" rel=\"noopener\" data-start=\"1587\" data-end=\"1600\">\u00c0 propos de nous<\/a><\/strong> ou contactez-nous via <strong data-start=\"1625\" data-end=\"1644\"><a href=\"\/fr\/nous-contacter\/\" rel=\"noopener\" data-start=\"1627\" data-end=\"1642\">Nous contacter<\/a><\/strong>.<\/p>\t\t\t\t\t\t\t\t<\/div>\n\t\t\t\t<\/div>\n\t\t\t\t\t<\/div>\n\t\t\t\t<\/div>\n\t\t\t\t\t<\/div>\n\t\t\t\t<\/div>\n\t\t\t\t<\/div>","protected":false},"excerpt":{"rendered":"<p>OnlyFans App est une application tierce con\u00e7ue pour permettre aux utilisateurs d'acc\u00e9der facilement \u00e0 la plateforme OnlyFans via un navigateur WebView. Nous ne sommes pas affili\u00e9s, approuv\u00e9s ou associ\u00e9s \u00e0 OnlyFans.com de quelque mani\u00e8re que ce soit. Nous fournissons l'App APK OnlyFans comme un outil bas\u00e9 sur WebView pour acc\u00e9der au contenu d'OnlyFans. Nous n'h\u00e9bergeons pas, ne modifions pas et ne distribuons pas...<\/p>","protected":false},"author":1,"featured_media":0,"parent":0,"menu_order":0,"comment_status":"closed","ping_status":"closed","template":"elementor_header_footer","meta":{"footnotes":""},"class_list":["post-77","page","type-page","status-publish","hentry"],"yoast_head":"<!-- This site is optimized with the Yoast SEO plugin v27.0 - https:\/\/yoast.com\/product\/yoast-seo-wordpress\/ -->\n<title>Disclaimer<\/title>\n<meta name=\"robots\" content=\"index, follow, max-snippet:-1, max-image-preview:large, max-video-preview:-1\" \/>\n<link rel=\"canonical\" href=\"https:\/\/www.onlyfa.app\/fr\/clause-de-non-responsabilite\/\" \/>\n<meta property=\"og:locale\" content=\"fr_FR\" \/>\n<meta property=\"og:type\" content=\"article\" \/>\n<meta property=\"og:title\" content=\"Disclaimer\" \/>\n<meta property=\"og:description\" content=\"Disclaimer OnlyFans App is a third-party application designed to provide users with easy access to the OnlyFans platform via a WebView browser. We are not affiliated, endorsed, or associated with OnlyFans.com in any way. We provide the OnlyFans App APK as a WebView-based tool for accessing OnlyFans content. We do not host, modify, or distribute\u2026\" \/>\n<meta property=\"og:url\" content=\"https:\/\/www.onlyfa.app\/fr\/clause-de-non-responsabilite\/\" \/>\n<meta property=\"og:site_name\" content=\"OnlyFans\" \/>\n<meta property=\"article:modified_time\" content=\"2025-03-16T10:45:11+00:00\" \/>\n<meta property=\"og:image\" content=\"https:\/\/www.onlyfa.app\/wp-content\/uploads\/OnlyFans-Apk-Download.png\" \/>\n\t<meta property=\"og:image:width\" content=\"1280\" \/>\n\t<meta property=\"og:image:height\" content=\"720\" \/>\n\t<meta property=\"og:image:type\" content=\"image\/png\" \/>\n<meta name=\"twitter:card\" content=\"summary_large_image\" \/>\n<meta name=\"twitter:label1\" content=\"Dur\u00e9e de lecture estim\u00e9e\" \/>\n\t<meta name=\"twitter:data1\" content=\"1 minute\" \/>\n<script type=\"application\/ld+json\" class=\"yoast-schema-graph\">{\"@context\":\"https:\/\/schema.org\",\"@graph\":[{\"@type\":\"WebPage\",\"@id\":\"https:\/\/www.onlyfa.app\/disclaimer\/\",\"url\":\"https:\/\/www.onlyfa.app\/disclaimer\/\",\"name\":\"Disclaimer\",\"isPartOf\":{\"@id\":\"https:\/\/www.onlyfa.app\/#website\"},\"datePublished\":\"2025-03-16T10:43:43+00:00\",\"dateModified\":\"2025-03-16T10:45:11+00:00\",\"breadcrumb\":{\"@id\":\"https:\/\/www.onlyfa.app\/disclaimer\/#breadcrumb\"},\"inLanguage\":\"fr-FR\",\"potentialAction\":[{\"@type\":\"ReadAction\",\"target\":[\"https:\/\/www.onlyfa.app\/disclaimer\/\"]}]},{\"@type\":\"BreadcrumbList\",\"@id\":\"https:\/\/www.onlyfa.app\/disclaimer\/#breadcrumb\",\"itemListElement\":[{\"@type\":\"ListItem\",\"position\":1,\"name\":\"Home\",\"item\":\"https:\/\/www.onlyfa.app\/\"},{\"@type\":\"ListItem\",\"position\":2,\"name\":\"Disclaimer\"}]},{\"@type\":\"WebSite\",\"@id\":\"https:\/\/www.onlyfa.app\/#website\",\"url\":\"https:\/\/www.onlyfa.app\/\",\"name\":\"OnlyFans\",\"description\":\"Download OnlyFans App Apk\",\"publisher\":{\"@id\":\"https:\/\/www.onlyfa.app\/#organization\"},\"alternateName\":\"OnlyFans App\",\"potentialAction\":[{\"@type\":\"SearchAction\",\"target\":{\"@type\":\"EntryPoint\",\"urlTemplate\":\"https:\/\/www.onlyfa.app\/?s={search_term_string}\"},\"query-input\":{\"@type\":\"PropertyValueSpecification\",\"valueRequired\":true,\"valueName\":\"search_term_string\"}}],\"inLanguage\":\"fr-FR\"},{\"@type\":\"Organization\",\"@id\":\"https:\/\/www.onlyfa.app\/#organization\",\"name\":\"OnlyFans\",\"alternateName\":\"OnlyFans App\",\"url\":\"https:\/\/www.onlyfa.app\/\",\"logo\":{\"@type\":\"ImageObject\",\"inLanguage\":\"fr-FR\",\"@id\":\"https:\/\/www.onlyfa.app\/#\/schema\/logo\/image\/\",\"url\":\"https:\/\/onlyfa.app\/wp-content\/uploads\/OnlyFans-Icon.png\",\"contentUrl\":\"https:\/\/onlyfa.app\/wp-content\/uploads\/OnlyFans-Icon.png\",\"width\":512,\"height\":512,\"caption\":\"OnlyFans\"},\"image\":{\"@id\":\"https:\/\/www.onlyfa.app\/#\/schema\/logo\/image\/\"}}]}<\/script>\n<!-- \/ Yoast SEO plugin. -->","yoast_head_json":{"title":"Clause de non-responsabilit\u00e9","robots":{"index":"index","follow":"follow","max-snippet":"max-snippet:-1","max-image-preview":"max-image-preview:large","max-video-preview":"max-video-preview:-1"},"canonical":"https:\/\/www.onlyfa.app\/fr\/clause-de-non-responsabilite\/","og_locale":"fr_FR","og_type":"article","og_title":"Disclaimer","og_description":"Disclaimer OnlyFans App is a third-party application designed to provide users with easy access to the OnlyFans platform via a WebView browser. We are not affiliated, endorsed, or associated with OnlyFans.com in any way. We provide the OnlyFans App APK as a WebView-based tool for accessing OnlyFans content. We do not host, modify, or distribute\u2026","og_url":"https:\/\/www.onlyfa.app\/fr\/clause-de-non-responsabilite\/","og_site_name":"OnlyFans","article_modified_time":"2025-03-16T10:45:11+00:00","og_image":[{"width":1280,"height":720,"url":"https:\/\/www.onlyfa.app\/wp-content\/uploads\/OnlyFans-Apk-Download.png","type":"image\/png"}],"twitter_card":"summary_large_image","twitter_misc":{"Dur\u00e9e de lecture estim\u00e9e":"1 minute"},"schema":{"@context":"https:\/\/schema.org","@graph":[{"@type":"WebPage","@id":"https:\/\/www.onlyfa.app\/disclaimer\/","url":"https:\/\/www.onlyfa.app\/disclaimer\/","name":"Clause de non-responsabilit\u00e9","isPartOf":{"@id":"https:\/\/www.onlyfa.app\/#website"},"datePublished":"2025-03-16T10:43:43+00:00","dateModified":"2025-03-16T10:45:11+00:00","breadcrumb":{"@id":"https:\/\/www.onlyfa.app\/disclaimer\/#breadcrumb"},"inLanguage":"fr-FR","potentialAction":[{"@type":"ReadAction","target":["https:\/\/www.onlyfa.app\/disclaimer\/"]}]},{"@type":"BreadcrumbList","@id":"https:\/\/www.onlyfa.app\/disclaimer\/#breadcrumb","itemListElement":[{"@type":"ListItem","position":1,"name":"Home","item":"https:\/\/www.onlyfa.app\/"},{"@type":"ListItem","position":2,"name":"Disclaimer"}]},{"@type":"WebSite","@id":"https:\/\/www.onlyfa.app\/#website","url":"https:\/\/www.onlyfa.app\/","name":"OnlyFans","description":"T\u00e9l\u00e9charger OnlyFans App Apk","publisher":{"@id":"https:\/\/www.onlyfa.app\/#organization"},"alternateName":"OnlyFans App","potentialAction":[{"@type":"SearchAction","target":{"@type":"EntryPoint","urlTemplate":"https:\/\/www.onlyfa.app\/?s={search_term_string}"},"query-input":{"@type":"PropertyValueSpecification","valueRequired":true,"valueName":"search_term_string"}}],"inLanguage":"fr-FR"},{"@type":"Organization","@id":"https:\/\/www.onlyfa.app\/#organization","name":"OnlyFans","alternateName":"OnlyFans App","url":"https:\/\/www.onlyfa.app\/","logo":{"@type":"ImageObject","inLanguage":"fr-FR","@id":"https:\/\/www.onlyfa.app\/#\/schema\/logo\/image\/","url":"https:\/\/onlyfa.app\/wp-content\/uploads\/OnlyFans-Icon.png","contentUrl":"https:\/\/onlyfa.app\/wp-content\/uploads\/OnlyFans-Icon.png","width":512,"height":512,"caption":"OnlyFans"},"image":{"@id":"https:\/\/www.onlyfa.app\/#\/schema\/logo\/image\/"}}]}},"_links":{"self":[{"href":"https:\/\/www.onlyfa.app\/fr\/wp-json\/wp\/v2\/pages\/77","targetHints":{"allow":["GET"]}}],"collection":[{"href":"https:\/\/www.onlyfa.app\/fr\/wp-json\/wp\/v2\/pages"}],"about":[{"href":"https:\/\/www.onlyfa.app\/fr\/wp-json\/wp\/v2\/types\/page"}],"author":[{"embeddable":true,"href":"https:\/\/www.onlyfa.app\/fr\/wp-json\/wp\/v2\/users\/1"}],"replies":[{"embeddable":true,"href":"https:\/\/www.onlyfa.app\/fr\/wp-json\/wp\/v2\/comments?post=77"}],"version-history":[{"count":4,"href":"https:\/\/www.onlyfa.app\/fr\/wp-json\/wp\/v2\/pages\/77\/revisions"}],"predecessor-version":[{"id":81,"href":"https:\/\/www.onlyfa.app\/fr\/wp-json\/wp\/v2\/pages\/77\/revisions\/81"}],"wp:attachment":[{"href":"https:\/\/www.onlyfa.app\/fr\/wp-json\/wp\/v2\/media?parent=77"}],"curies":[{"name":"wp","href":"https:\/\/api.w.org\/{rel}","templated":true}]}}