{"id":82,"date":"2025-03-16T10:45:43","date_gmt":"2025-03-16T10:45:43","guid":{"rendered":"https:\/\/wordpress-1205845-5339156.cloudwaysapps.com\/?page_id=82"},"modified":"2025-03-16T10:47:19","modified_gmt":"2025-03-16T10:47:19","slug":"politique-en-matiere-de-droits-dauteur","status":"publish","type":"page","link":"https:\/\/www.onlyfa.app\/fr\/politique-en-matiere-de-droits-dauteur\/","title":{"rendered":"Politique du droit d'auteur"},"content":{"rendered":"<div data-elementor-type=\"wp-page\" data-elementor-id=\"82\" class=\"elementor elementor-82\">\n\t\t\t\t<div class=\"elementor-element elementor-element-4a1bff8 e-grid e-con-boxed e-con e-parent\" data-id=\"4a1bff8\" data-element_type=\"container\" data-e-type=\"container\" data-settings=\"{&quot;background_background&quot;:&quot;classic&quot;}\">\n\t\t\t\t\t<div class=\"e-con-inner\">\n\t\t<div class=\"elementor-element elementor-element-5b8785b e-flex e-con-boxed e-con e-child\" data-id=\"5b8785b\" data-element_type=\"container\" data-e-type=\"container\">\n\t\t\t\t\t<div class=\"e-con-inner\">\n\t\t\t\t<div class=\"elementor-element elementor-element-f5e8b7c elementor-widget elementor-widget-heading\" data-id=\"f5e8b7c\" data-element_type=\"widget\" data-e-type=\"widget\" data-widget_type=\"heading.default\">\n\t\t\t\t<div class=\"elementor-widget-container\">\n\t\t\t\t\t<h1 class=\"elementor-heading-title elementor-size-default\">Politique du droit d'auteur<\/h1>\t\t\t\t<\/div>\n\t\t\t\t<\/div>\n\t\t\t\t<div class=\"elementor-element elementor-element-3062333 elementor-widget elementor-widget-text-editor\" data-id=\"3062333\" data-element_type=\"widget\" data-e-type=\"widget\" data-widget_type=\"text-editor.default\">\n\t\t\t\t<div class=\"elementor-widget-container\">\n\t\t\t\t\t\t\t\t\t<p data-start=\"1682\" data-end=\"1870\">Tout le contenu affich\u00e9 dans le <a href=\"\/fr\/\"><strong data-start=\"1715\" data-end=\"1731\">Application OnlyFans<\/strong><\/a> sont la propri\u00e9t\u00e9 de leurs cr\u00e9ateurs et propri\u00e9taires respectifs. Nous <strong data-start=\"1792\" data-end=\"1830\">ne poss\u00e8dent pas, ne contr\u00f4lent pas et ne distribuent pas<\/strong> tout contenu trouv\u00e9 sur OnlyFans.<\/p><ul data-start=\"1872\" data-end=\"2204\"><li data-start=\"1872\" data-end=\"1998\">Notre <strong data-start=\"1878\" data-end=\"1898\">OnlyFans App APK<\/strong> fonctionne comme un <strong data-start=\"1914\" data-end=\"1933\">Navigateur WebView<\/strong> et ne modifie pas, ne stocke pas et ne revendique pas la propri\u00e9t\u00e9 de tout contenu.<\/li><li data-start=\"1999\" data-end=\"2105\">La redistribution, la copie ou l'utilisation commerciale non autoris\u00e9es de contenus prot\u00e9g\u00e9s par des droits d'auteur sont strictement interdites.<\/li><li data-start=\"2106\" data-end=\"2204\">Les utilisateurs sont tenus de s'assurer qu'ils <strong data-start=\"2148\" data-end=\"2201\">n'enfreignent pas les politiques de copyright d'OnlyFans<\/strong>.<\/li><\/ul><p data-start=\"2206\" data-end=\"2379\">Si vous pensez qu'un contenu de l'application viole les lois sur les droits d'auteur, veuillez contacter <strong data-start=\"2288\" data-end=\"2304\">OnlyFans.com<\/strong> directement. Pour les questions relatives \u00e0 l'APK, visitez notre site <strong data-start=\"2352\" data-end=\"2371\"><a href=\"\/fr\/nous-contacter\/\" rel=\"noopener\" data-start=\"2354\" data-end=\"2369\">Nous contacter<\/a><\/strong> page.<\/p>\t\t\t\t\t\t\t\t<\/div>\n\t\t\t\t<\/div>\n\t\t\t\t\t<\/div>\n\t\t\t\t<\/div>\n\t\t\t\t\t<\/div>\n\t\t\t\t<\/div>\n\t\t\t\t<\/div>","protected":false},"excerpt":{"rendered":"<p>Politique en mati\u00e8re de droits d'auteur Tous les contenus affich\u00e9s dans l'application OnlyFans sont la propri\u00e9t\u00e9 de leurs cr\u00e9ateurs et propri\u00e9taires respectifs. Nous ne poss\u00e9dons, ne contr\u00f4lons ni ne distribuons aucun des contenus trouv\u00e9s sur OnlyFans. Notre OnlyFans App APK fonctionne comme un navigateur WebView et ne modifie, ne stocke ou ne revendique la propri\u00e9t\u00e9 d'aucun contenu. La redistribution, la copie,...<\/p>","protected":false},"author":1,"featured_media":0,"parent":0,"menu_order":0,"comment_status":"closed","ping_status":"closed","template":"elementor_header_footer","meta":{"footnotes":""},"class_list":["post-82","page","type-page","status-publish","hentry"],"yoast_head":"<!-- This site is optimized with the Yoast SEO plugin v27.0 - https:\/\/yoast.com\/product\/yoast-seo-wordpress\/ -->\n<title>Copyright Policy<\/title>\n<meta name=\"robots\" content=\"index, follow, max-snippet:-1, max-image-preview:large, max-video-preview:-1\" \/>\n<link rel=\"canonical\" href=\"https:\/\/www.onlyfa.app\/fr\/politique-en-matiere-de-droits-dauteur\/\" \/>\n<meta property=\"og:locale\" content=\"fr_FR\" \/>\n<meta property=\"og:type\" content=\"article\" \/>\n<meta property=\"og:title\" content=\"Copyright Policy\" \/>\n<meta property=\"og:description\" content=\"Copyright Policy All content displayed within the OnlyFans App is the property of their respective creators and owners. We do not own, control, or distribute any of the content found on OnlyFans. Our OnlyFans App APK functions as a WebView browser and does not modify, store, or claim ownership of any content. Unauthorized redistribution, copying,\u2026\" \/>\n<meta property=\"og:url\" content=\"https:\/\/www.onlyfa.app\/fr\/politique-en-matiere-de-droits-dauteur\/\" \/>\n<meta property=\"og:site_name\" content=\"OnlyFans\" \/>\n<meta property=\"article:modified_time\" content=\"2025-03-16T10:47:19+00:00\" \/>\n<meta property=\"og:image\" content=\"https:\/\/www.onlyfa.app\/wp-content\/uploads\/OnlyFans-Apk-Download.png\" \/>\n\t<meta property=\"og:image:width\" content=\"1280\" \/>\n\t<meta property=\"og:image:height\" content=\"720\" \/>\n\t<meta property=\"og:image:type\" content=\"image\/png\" \/>\n<meta name=\"twitter:card\" content=\"summary_large_image\" \/>\n<meta name=\"twitter:label1\" content=\"Dur\u00e9e de lecture estim\u00e9e\" \/>\n\t<meta name=\"twitter:data1\" content=\"1 minute\" \/>\n<script type=\"application\/ld+json\" class=\"yoast-schema-graph\">{\"@context\":\"https:\/\/schema.org\",\"@graph\":[{\"@type\":\"WebPage\",\"@id\":\"https:\/\/www.onlyfa.app\/copyright-policy\/\",\"url\":\"https:\/\/www.onlyfa.app\/copyright-policy\/\",\"name\":\"Copyright Policy\",\"isPartOf\":{\"@id\":\"https:\/\/www.onlyfa.app\/#website\"},\"datePublished\":\"2025-03-16T10:45:43+00:00\",\"dateModified\":\"2025-03-16T10:47:19+00:00\",\"breadcrumb\":{\"@id\":\"https:\/\/www.onlyfa.app\/copyright-policy\/#breadcrumb\"},\"inLanguage\":\"fr-FR\",\"potentialAction\":[{\"@type\":\"ReadAction\",\"target\":[\"https:\/\/www.onlyfa.app\/copyright-policy\/\"]}]},{\"@type\":\"BreadcrumbList\",\"@id\":\"https:\/\/www.onlyfa.app\/copyright-policy\/#breadcrumb\",\"itemListElement\":[{\"@type\":\"ListItem\",\"position\":1,\"name\":\"Home\",\"item\":\"https:\/\/www.onlyfa.app\/\"},{\"@type\":\"ListItem\",\"position\":2,\"name\":\"Copyright Policy\"}]},{\"@type\":\"WebSite\",\"@id\":\"https:\/\/www.onlyfa.app\/#website\",\"url\":\"https:\/\/www.onlyfa.app\/\",\"name\":\"OnlyFans\",\"description\":\"Download OnlyFans App Apk\",\"publisher\":{\"@id\":\"https:\/\/www.onlyfa.app\/#organization\"},\"alternateName\":\"OnlyFans App\",\"potentialAction\":[{\"@type\":\"SearchAction\",\"target\":{\"@type\":\"EntryPoint\",\"urlTemplate\":\"https:\/\/www.onlyfa.app\/?s={search_term_string}\"},\"query-input\":{\"@type\":\"PropertyValueSpecification\",\"valueRequired\":true,\"valueName\":\"search_term_string\"}}],\"inLanguage\":\"fr-FR\"},{\"@type\":\"Organization\",\"@id\":\"https:\/\/www.onlyfa.app\/#organization\",\"name\":\"OnlyFans\",\"alternateName\":\"OnlyFans App\",\"url\":\"https:\/\/www.onlyfa.app\/\",\"logo\":{\"@type\":\"ImageObject\",\"inLanguage\":\"fr-FR\",\"@id\":\"https:\/\/www.onlyfa.app\/#\/schema\/logo\/image\/\",\"url\":\"https:\/\/onlyfa.app\/wp-content\/uploads\/OnlyFans-Icon.png\",\"contentUrl\":\"https:\/\/onlyfa.app\/wp-content\/uploads\/OnlyFans-Icon.png\",\"width\":512,\"height\":512,\"caption\":\"OnlyFans\"},\"image\":{\"@id\":\"https:\/\/www.onlyfa.app\/#\/schema\/logo\/image\/\"}}]}<\/script>\n<!-- \/ Yoast SEO plugin. -->","yoast_head_json":{"title":"Politique du droit d'auteur","robots":{"index":"index","follow":"follow","max-snippet":"max-snippet:-1","max-image-preview":"max-image-preview:large","max-video-preview":"max-video-preview:-1"},"canonical":"https:\/\/www.onlyfa.app\/fr\/politique-en-matiere-de-droits-dauteur\/","og_locale":"fr_FR","og_type":"article","og_title":"Copyright Policy","og_description":"Copyright Policy All content displayed within the OnlyFans App is the property of their respective creators and owners. We do not own, control, or distribute any of the content found on OnlyFans. Our OnlyFans App APK functions as a WebView browser and does not modify, store, or claim ownership of any content. Unauthorized redistribution, copying,\u2026","og_url":"https:\/\/www.onlyfa.app\/fr\/politique-en-matiere-de-droits-dauteur\/","og_site_name":"OnlyFans","article_modified_time":"2025-03-16T10:47:19+00:00","og_image":[{"width":1280,"height":720,"url":"https:\/\/www.onlyfa.app\/wp-content\/uploads\/OnlyFans-Apk-Download.png","type":"image\/png"}],"twitter_card":"summary_large_image","twitter_misc":{"Dur\u00e9e de lecture estim\u00e9e":"1 minute"},"schema":{"@context":"https:\/\/schema.org","@graph":[{"@type":"WebPage","@id":"https:\/\/www.onlyfa.app\/copyright-policy\/","url":"https:\/\/www.onlyfa.app\/copyright-policy\/","name":"Politique du droit d'auteur","isPartOf":{"@id":"https:\/\/www.onlyfa.app\/#website"},"datePublished":"2025-03-16T10:45:43+00:00","dateModified":"2025-03-16T10:47:19+00:00","breadcrumb":{"@id":"https:\/\/www.onlyfa.app\/copyright-policy\/#breadcrumb"},"inLanguage":"fr-FR","potentialAction":[{"@type":"ReadAction","target":["https:\/\/www.onlyfa.app\/copyright-policy\/"]}]},{"@type":"BreadcrumbList","@id":"https:\/\/www.onlyfa.app\/copyright-policy\/#breadcrumb","itemListElement":[{"@type":"ListItem","position":1,"name":"Home","item":"https:\/\/www.onlyfa.app\/"},{"@type":"ListItem","position":2,"name":"Copyright Policy"}]},{"@type":"WebSite","@id":"https:\/\/www.onlyfa.app\/#website","url":"https:\/\/www.onlyfa.app\/","name":"OnlyFans","description":"T\u00e9l\u00e9charger OnlyFans App Apk","publisher":{"@id":"https:\/\/www.onlyfa.app\/#organization"},"alternateName":"OnlyFans App","potentialAction":[{"@type":"SearchAction","target":{"@type":"EntryPoint","urlTemplate":"https:\/\/www.onlyfa.app\/?s={search_term_string}"},"query-input":{"@type":"PropertyValueSpecification","valueRequired":true,"valueName":"search_term_string"}}],"inLanguage":"fr-FR"},{"@type":"Organization","@id":"https:\/\/www.onlyfa.app\/#organization","name":"OnlyFans","alternateName":"OnlyFans App","url":"https:\/\/www.onlyfa.app\/","logo":{"@type":"ImageObject","inLanguage":"fr-FR","@id":"https:\/\/www.onlyfa.app\/#\/schema\/logo\/image\/","url":"https:\/\/onlyfa.app\/wp-content\/uploads\/OnlyFans-Icon.png","contentUrl":"https:\/\/onlyfa.app\/wp-content\/uploads\/OnlyFans-Icon.png","width":512,"height":512,"caption":"OnlyFans"},"image":{"@id":"https:\/\/www.onlyfa.app\/#\/schema\/logo\/image\/"}}]}},"_links":{"self":[{"href":"https:\/\/www.onlyfa.app\/fr\/wp-json\/wp\/v2\/pages\/82","targetHints":{"allow":["GET"]}}],"collection":[{"href":"https:\/\/www.onlyfa.app\/fr\/wp-json\/wp\/v2\/pages"}],"about":[{"href":"https:\/\/www.onlyfa.app\/fr\/wp-json\/wp\/v2\/types\/page"}],"author":[{"embeddable":true,"href":"https:\/\/www.onlyfa.app\/fr\/wp-json\/wp\/v2\/users\/1"}],"replies":[{"embeddable":true,"href":"https:\/\/www.onlyfa.app\/fr\/wp-json\/wp\/v2\/comments?post=82"}],"version-history":[{"count":4,"href":"https:\/\/www.onlyfa.app\/fr\/wp-json\/wp\/v2\/pages\/82\/revisions"}],"predecessor-version":[{"id":86,"href":"https:\/\/www.onlyfa.app\/fr\/wp-json\/wp\/v2\/pages\/82\/revisions\/86"}],"wp:attachment":[{"href":"https:\/\/www.onlyfa.app\/fr\/wp-json\/wp\/v2\/media?parent=82"}],"curies":[{"name":"wp","href":"https:\/\/api.w.org\/{rel}","templated":true}]}}