{"id":87,"date":"2025-03-16T10:47:43","date_gmt":"2025-03-16T10:47:43","guid":{"rendered":"https:\/\/wordpress-1205845-5339156.cloudwaysapps.com\/?page_id=87"},"modified":"2025-05-06T08:00:35","modified_gmt":"2025-05-06T08:00:35","slug":"nous-contacter","status":"publish","type":"page","link":"https:\/\/www.onlyfa.app\/fr\/nous-contacter\/","title":{"rendered":"Nous contacter"},"content":{"rendered":"<div data-elementor-type=\"wp-page\" data-elementor-id=\"87\" class=\"elementor elementor-87\">\n\t\t\t\t<div class=\"elementor-element elementor-element-2826fb9 e-grid e-con-boxed e-con e-parent\" data-id=\"2826fb9\" data-element_type=\"container\" data-e-type=\"container\" data-settings=\"{&quot;background_background&quot;:&quot;classic&quot;}\">\n\t\t\t\t\t<div class=\"e-con-inner\">\n\t\t<div class=\"elementor-element elementor-element-239adff e-flex e-con-boxed e-con e-child\" data-id=\"239adff\" data-element_type=\"container\" data-e-type=\"container\">\n\t\t\t\t\t<div class=\"e-con-inner\">\n\t\t\t\t<div class=\"elementor-element elementor-element-ef9975c elementor-widget elementor-widget-heading\" data-id=\"ef9975c\" data-element_type=\"widget\" data-e-type=\"widget\" data-widget_type=\"heading.default\">\n\t\t\t\t<div class=\"elementor-widget-container\">\n\t\t\t\t\t<h1 class=\"elementor-heading-title elementor-size-default\">Nous contacter<\/h1>\t\t\t\t<\/div>\n\t\t\t\t<\/div>\n\t\t\t\t<div class=\"elementor-element elementor-element-f659087 elementor-widget elementor-widget-text-editor\" data-id=\"f659087\" data-element_type=\"widget\" data-e-type=\"widget\" data-widget_type=\"text-editor.default\">\n\t\t\t\t<div class=\"elementor-widget-container\">\n\t\t\t\t\t\t\t\t\t<p data-start=\"2408\" data-end=\"2532\">Si vous avez des questions, des commentaires ou des probl\u00e8mes techniques concernant la <strong data-start=\"2479\" data-end=\"2499\">OnlyFans App APK<\/strong>N'h\u00e9sitez pas \u00e0 nous contacter.<\/p><p data-start=\"2534\" data-end=\"2676\">\ud83d\udce9 <strong data-start=\"2537\" data-end=\"2547\">Courriel :<\/strong> onlyfansunofficial@gmail.com<br data-start=\"2572\" data-end=\"2575\" \/>\ud83c\udf10 <strong data-start=\"2578\" data-end=\"2590\">Site web : <\/strong><a href=\"\/fr\/\">onlyfa.app<\/a>\u00a0<br data-start=\"2609\" data-end=\"2612\" \/>\ud83d\udccd <strong data-start=\"2615\" data-end=\"2633\">Heures de soutien :<\/strong> Du lundi au vendredi, de 9h00 \u00e0 18h00 (GMT)<\/p><p data-start=\"2678\" data-end=\"2839\" data-is-last-node=\"\" data-is-only-node=\"\">Nous nous engageons \u00e0 fournir <strong data-start=\"2708\" data-end=\"2741\">t\u00e9l\u00e9chargements APK s\u00fbrs et s\u00e9curis\u00e9s<\/strong> et d'assurer une exp\u00e9rience fluide pour l'utilisateur. <strong data-start=\"2781\" data-end=\"2839\" data-is-last-node=\"\">T\u00e9l\u00e9chargez l'application OnlyFans APK maintenant et commencez \u00e0 explorer !<\/strong><\/p>\t\t\t\t\t\t\t\t<\/div>\n\t\t\t\t<\/div>\n\t\t\t\t\t<\/div>\n\t\t\t\t<\/div>\n\t\t\t\t\t<\/div>\n\t\t\t\t<\/div>\n\t\t\t\t<\/div>","protected":false},"excerpt":{"rendered":"<p>Nous contacter Si vous avez des questions, des commentaires ou des probl\u00e8mes techniques concernant l'APK OnlyFans App, n'h\u00e9sitez pas \u00e0 nous joindre. \ud83d\udce9 Courriel : onlyfansunofficial@gmail.com\ud83c\udf10 Site web : onlyfa.app \ud83d\udccd Heures de support : Du lundi au vendredi, de 9h00 \u00e0 18h00 (GMT) Nous nous engageons \u00e0 fournir des t\u00e9l\u00e9chargements d'APK s\u00fbrs et s\u00e9curis\u00e9s et \u00e0 garantir une exp\u00e9rience utilisateur fluide.....<\/p>","protected":false},"author":1,"featured_media":0,"parent":0,"menu_order":0,"comment_status":"closed","ping_status":"closed","template":"elementor_header_footer","meta":{"footnotes":""},"class_list":["post-87","page","type-page","status-publish","hentry"],"yoast_head":"<!-- This site is optimized with the Yoast SEO plugin v27.0 - https:\/\/yoast.com\/product\/yoast-seo-wordpress\/ -->\n<title>Contact Us<\/title>\n<meta name=\"robots\" content=\"index, follow, max-snippet:-1, max-image-preview:large, max-video-preview:-1\" \/>\n<link rel=\"canonical\" href=\"https:\/\/www.onlyfa.app\/fr\/nous-contacter\/\" \/>\n<meta property=\"og:locale\" content=\"fr_FR\" \/>\n<meta property=\"og:type\" content=\"article\" \/>\n<meta property=\"og:title\" content=\"Contact Us\" \/>\n<meta property=\"og:description\" content=\"Contact Us If you have any questions, feedback, or technical issues regarding the OnlyFans App APK, feel free to reach out to us. \ud83d\udce9 Email: onlyfansunofficial@gmail.com\ud83c\udf10 Website: onlyfa.app\u00a0\ud83d\udccd Support Hours: Monday \u2013 Friday, 9:00 AM \u2013 6:00 PM (GMT) We are committed to providing safe and secure APK downloads and ensuring a smooth user experience.\u2026\" \/>\n<meta property=\"og:url\" content=\"https:\/\/www.onlyfa.app\/fr\/nous-contacter\/\" \/>\n<meta property=\"og:site_name\" content=\"OnlyFans\" \/>\n<meta property=\"article:modified_time\" content=\"2025-05-06T08:00:35+00:00\" \/>\n<meta property=\"og:image\" content=\"https:\/\/www.onlyfa.app\/wp-content\/uploads\/OnlyFans-Apk-Download.png\" \/>\n\t<meta property=\"og:image:width\" content=\"1280\" \/>\n\t<meta property=\"og:image:height\" content=\"720\" \/>\n\t<meta property=\"og:image:type\" content=\"image\/png\" \/>\n<meta name=\"twitter:card\" content=\"summary_large_image\" \/>\n<meta name=\"twitter:label1\" content=\"Dur\u00e9e de lecture estim\u00e9e\" \/>\n\t<meta name=\"twitter:data1\" content=\"1 minute\" \/>\n<script type=\"application\/ld+json\" class=\"yoast-schema-graph\">{\"@context\":\"https:\/\/schema.org\",\"@graph\":[{\"@type\":\"WebPage\",\"@id\":\"https:\/\/www.onlyfa.app\/contact-us\/\",\"url\":\"https:\/\/www.onlyfa.app\/contact-us\/\",\"name\":\"Contact Us\",\"isPartOf\":{\"@id\":\"https:\/\/www.onlyfa.app\/#website\"},\"datePublished\":\"2025-03-16T10:47:43+00:00\",\"dateModified\":\"2025-05-06T08:00:35+00:00\",\"breadcrumb\":{\"@id\":\"https:\/\/www.onlyfa.app\/contact-us\/#breadcrumb\"},\"inLanguage\":\"fr-FR\",\"potentialAction\":[{\"@type\":\"ReadAction\",\"target\":[\"https:\/\/www.onlyfa.app\/contact-us\/\"]}]},{\"@type\":\"BreadcrumbList\",\"@id\":\"https:\/\/www.onlyfa.app\/contact-us\/#breadcrumb\",\"itemListElement\":[{\"@type\":\"ListItem\",\"position\":1,\"name\":\"Home\",\"item\":\"https:\/\/www.onlyfa.app\/\"},{\"@type\":\"ListItem\",\"position\":2,\"name\":\"Contact Us\"}]},{\"@type\":\"WebSite\",\"@id\":\"https:\/\/www.onlyfa.app\/#website\",\"url\":\"https:\/\/www.onlyfa.app\/\",\"name\":\"OnlyFans\",\"description\":\"Download OnlyFans App Apk\",\"publisher\":{\"@id\":\"https:\/\/www.onlyfa.app\/#organization\"},\"alternateName\":\"OnlyFans App\",\"potentialAction\":[{\"@type\":\"SearchAction\",\"target\":{\"@type\":\"EntryPoint\",\"urlTemplate\":\"https:\/\/www.onlyfa.app\/?s={search_term_string}\"},\"query-input\":{\"@type\":\"PropertyValueSpecification\",\"valueRequired\":true,\"valueName\":\"search_term_string\"}}],\"inLanguage\":\"fr-FR\"},{\"@type\":\"Organization\",\"@id\":\"https:\/\/www.onlyfa.app\/#organization\",\"name\":\"OnlyFans\",\"alternateName\":\"OnlyFans App\",\"url\":\"https:\/\/www.onlyfa.app\/\",\"logo\":{\"@type\":\"ImageObject\",\"inLanguage\":\"fr-FR\",\"@id\":\"https:\/\/www.onlyfa.app\/#\/schema\/logo\/image\/\",\"url\":\"https:\/\/onlyfa.app\/wp-content\/uploads\/OnlyFans-Icon.png\",\"contentUrl\":\"https:\/\/onlyfa.app\/wp-content\/uploads\/OnlyFans-Icon.png\",\"width\":512,\"height\":512,\"caption\":\"OnlyFans\"},\"image\":{\"@id\":\"https:\/\/www.onlyfa.app\/#\/schema\/logo\/image\/\"}}]}<\/script>\n<!-- \/ Yoast SEO plugin. -->","yoast_head_json":{"title":"Nous contacter","robots":{"index":"index","follow":"follow","max-snippet":"max-snippet:-1","max-image-preview":"max-image-preview:large","max-video-preview":"max-video-preview:-1"},"canonical":"https:\/\/www.onlyfa.app\/fr\/nous-contacter\/","og_locale":"fr_FR","og_type":"article","og_title":"Contact Us","og_description":"Contact Us If you have any questions, feedback, or technical issues regarding the OnlyFans App APK, feel free to reach out to us. \ud83d\udce9 Email: onlyfansunofficial@gmail.com\ud83c\udf10 Website: onlyfa.app\u00a0\ud83d\udccd Support Hours: Monday \u2013 Friday, 9:00 AM \u2013 6:00 PM (GMT) We are committed to providing safe and secure APK downloads and ensuring a smooth user experience.\u2026","og_url":"https:\/\/www.onlyfa.app\/fr\/nous-contacter\/","og_site_name":"OnlyFans","article_modified_time":"2025-05-06T08:00:35+00:00","og_image":[{"width":1280,"height":720,"url":"https:\/\/www.onlyfa.app\/wp-content\/uploads\/OnlyFans-Apk-Download.png","type":"image\/png"}],"twitter_card":"summary_large_image","twitter_misc":{"Dur\u00e9e de lecture estim\u00e9e":"1 minute"},"schema":{"@context":"https:\/\/schema.org","@graph":[{"@type":"WebPage","@id":"https:\/\/www.onlyfa.app\/contact-us\/","url":"https:\/\/www.onlyfa.app\/contact-us\/","name":"Nous contacter","isPartOf":{"@id":"https:\/\/www.onlyfa.app\/#website"},"datePublished":"2025-03-16T10:47:43+00:00","dateModified":"2025-05-06T08:00:35+00:00","breadcrumb":{"@id":"https:\/\/www.onlyfa.app\/contact-us\/#breadcrumb"},"inLanguage":"fr-FR","potentialAction":[{"@type":"ReadAction","target":["https:\/\/www.onlyfa.app\/contact-us\/"]}]},{"@type":"BreadcrumbList","@id":"https:\/\/www.onlyfa.app\/contact-us\/#breadcrumb","itemListElement":[{"@type":"ListItem","position":1,"name":"Home","item":"https:\/\/www.onlyfa.app\/"},{"@type":"ListItem","position":2,"name":"Contact Us"}]},{"@type":"WebSite","@id":"https:\/\/www.onlyfa.app\/#website","url":"https:\/\/www.onlyfa.app\/","name":"OnlyFans","description":"T\u00e9l\u00e9charger OnlyFans App Apk","publisher":{"@id":"https:\/\/www.onlyfa.app\/#organization"},"alternateName":"OnlyFans App","potentialAction":[{"@type":"SearchAction","target":{"@type":"EntryPoint","urlTemplate":"https:\/\/www.onlyfa.app\/?s={search_term_string}"},"query-input":{"@type":"PropertyValueSpecification","valueRequired":true,"valueName":"search_term_string"}}],"inLanguage":"fr-FR"},{"@type":"Organization","@id":"https:\/\/www.onlyfa.app\/#organization","name":"OnlyFans","alternateName":"OnlyFans App","url":"https:\/\/www.onlyfa.app\/","logo":{"@type":"ImageObject","inLanguage":"fr-FR","@id":"https:\/\/www.onlyfa.app\/#\/schema\/logo\/image\/","url":"https:\/\/onlyfa.app\/wp-content\/uploads\/OnlyFans-Icon.png","contentUrl":"https:\/\/onlyfa.app\/wp-content\/uploads\/OnlyFans-Icon.png","width":512,"height":512,"caption":"OnlyFans"},"image":{"@id":"https:\/\/www.onlyfa.app\/#\/schema\/logo\/image\/"}}]}},"_links":{"self":[{"href":"https:\/\/www.onlyfa.app\/fr\/wp-json\/wp\/v2\/pages\/87","targetHints":{"allow":["GET"]}}],"collection":[{"href":"https:\/\/www.onlyfa.app\/fr\/wp-json\/wp\/v2\/pages"}],"about":[{"href":"https:\/\/www.onlyfa.app\/fr\/wp-json\/wp\/v2\/types\/page"}],"author":[{"embeddable":true,"href":"https:\/\/www.onlyfa.app\/fr\/wp-json\/wp\/v2\/users\/1"}],"replies":[{"embeddable":true,"href":"https:\/\/www.onlyfa.app\/fr\/wp-json\/wp\/v2\/comments?post=87"}],"version-history":[{"count":7,"href":"https:\/\/www.onlyfa.app\/fr\/wp-json\/wp\/v2\/pages\/87\/revisions"}],"predecessor-version":[{"id":164,"href":"https:\/\/www.onlyfa.app\/fr\/wp-json\/wp\/v2\/pages\/87\/revisions\/164"}],"wp:attachment":[{"href":"https:\/\/www.onlyfa.app\/fr\/wp-json\/wp\/v2\/media?parent=87"}],"curies":[{"name":"wp","href":"https:\/\/api.w.org\/{rel}","templated":true}]}}