{"id":93,"date":"2025-03-16T10:55:49","date_gmt":"2025-03-16T10:55:49","guid":{"rendered":"https:\/\/wordpress-1205845-5339156.cloudwaysapps.com\/?page_id=93"},"modified":"2025-03-16T11:00:39","modified_gmt":"2025-03-16T11:00:39","slug":"politique-de-confidentialite","status":"publish","type":"page","link":"https:\/\/www.onlyfa.app\/fr\/politique-de-confidentialite\/","title":{"rendered":"Politique de confidentialit\u00e9"},"content":{"rendered":"<div data-elementor-type=\"wp-page\" data-elementor-id=\"93\" class=\"elementor elementor-93\">\n\t\t\t\t<div class=\"elementor-element elementor-element-d26db4e e-grid e-con-boxed e-con e-parent\" data-id=\"d26db4e\" data-element_type=\"container\" data-e-type=\"container\" data-settings=\"{&quot;background_background&quot;:&quot;classic&quot;}\">\n\t\t\t\t\t<div class=\"e-con-inner\">\n\t\t<div class=\"elementor-element elementor-element-969db52 e-flex e-con-boxed e-con e-child\" data-id=\"969db52\" data-element_type=\"container\" data-e-type=\"container\">\n\t\t\t\t\t<div class=\"e-con-inner\">\n\t\t\t\t<div class=\"elementor-element elementor-element-d3a9972 elementor-widget elementor-widget-heading\" data-id=\"d3a9972\" data-element_type=\"widget\" data-e-type=\"widget\" data-widget_type=\"heading.default\">\n\t\t\t\t<div class=\"elementor-widget-container\">\n\t\t\t\t\t<h1 class=\"elementor-heading-title elementor-size-default\">Politique de confidentialit\u00e9<\/h1>\t\t\t\t<\/div>\n\t\t\t\t<\/div>\n\t\t\t\t<div class=\"elementor-element elementor-element-0e682a9 elementor-widget elementor-widget-text-editor\" data-id=\"0e682a9\" data-element_type=\"widget\" data-e-type=\"widget\" data-widget_type=\"text-editor.default\">\n\t\t\t\t<div class=\"elementor-widget-container\">\n\t\t\t\t\t\t\t\t\t<p data-start=\"59\" data-end=\"298\">Bienvenue \u00e0 <a href=\"\/fr\/\"><strong data-start=\"70\" data-end=\"86\">Application OnlyFans<\/strong><\/a>. Nous accordons une grande importance \u00e0 la protection de votre vie priv\u00e9e. Cette <strong data-start=\"126\" data-end=\"144\">Politique de confidentialit\u00e9<\/strong> explique comment nous collectons, utilisons et prot\u00e9geons vos informations personnelles lorsque vous visitez notre site web, utilisez nos services ou t\u00e9l\u00e9chargez la <strong data-start=\"275\" data-end=\"295\">OnlyFans App APK<\/strong>.<\/p><p data-start=\"300\" data-end=\"439\">En utilisant notre site web, vous acceptez les conditions \u00e9nonc\u00e9es dans la pr\u00e9sente politique de confidentialit\u00e9. Si vous n'\u00eates pas d'accord, veuillez cesser d'utiliser nos services.<\/p><hr data-start=\"441\" data-end=\"444\" \/><h2 data-start=\"446\" data-end=\"480\"><strong data-start=\"449\" data-end=\"478\">1. Les informations que nous collectons<\/strong><\/h2><p data-start=\"482\" data-end=\"571\">Nous collectons diff\u00e9rents types de donn\u00e9es afin d'am\u00e9liorer notre site web et de garantir une exp\u00e9rience s\u00e9curis\u00e9e.<\/p><h3 data-start=\"573\" data-end=\"614\"><strong data-start=\"577\" data-end=\"612\">A. Donn\u00e9es collect\u00e9es automatiquement<\/strong><\/h3><p data-start=\"615\" data-end=\"1015\">Lorsque vous visitez notre site web, nous recueillons automatiquement certaines donn\u00e9es par le biais de technologies de suivi telles que <strong data-start=\"719\" data-end=\"770\">les cookies, les outils d'analyse et les services de s\u00e9curit\u00e9<\/strong>. Ces donn\u00e9es comprennent<br data-start=\"791\" data-end=\"794\" \/>\u2714\ufe0f <strong data-start=\"797\" data-end=\"811\">Adresse IP<\/strong><br data-start=\"811\" data-end=\"814\" \/>\u2714\ufe0f <strong data-start=\"817\" data-end=\"839\">Informations sur l'appareil<\/strong> (type de navigateur, syst\u00e8me d'exploitation, mod\u00e8le d'appareil, etc.)<br data-start=\"892\" data-end=\"895\" \/>\u2714\ufe0f <strong data-start=\"898\" data-end=\"915\">Donn\u00e9es de localisation<\/strong> (Si cette fonction est activ\u00e9e sur votre appareil)<br data-start=\"943\" data-end=\"946\" \/>\u2714\ufe0f <strong data-start=\"949\" data-end=\"971\">Donn\u00e9es d'utilisation du site web<\/strong> (Pages visit\u00e9es, temps pass\u00e9, clics, etc.)<\/p><p data-start=\"1017\" data-end=\"1092\">Ces donn\u00e9es nous aident \u00e0 analyser le comportement des utilisateurs et \u00e0 am\u00e9liorer les performances du site web.<\/p><h3 data-start=\"1094\" data-end=\"1130\"><strong data-start=\"1098\" data-end=\"1128\">B. Informations que vous fournissez<\/strong><\/h3><p data-start=\"1131\" data-end=\"1330\">Si vous interagissez avec nous en remplissant un formulaire de contact, en vous abonnant \u00e0 notre bulletin d'information ou en nous envoyant un courrier \u00e9lectronique, nous pouvons collecter des donn\u00e9es :<br data-start=\"1248\" data-end=\"1251\" \/>\u2714\ufe0f <strong data-start=\"1254\" data-end=\"1267\">Votre nom<\/strong><br data-start=\"1267\" data-end=\"1270\" \/>\u2714\ufe0f <strong data-start=\"1273\" data-end=\"1295\">Votre adresse \u00e9lectronique<\/strong><br data-start=\"1295\" data-end=\"1298\" \/>\u2714\ufe0f <strong data-start=\"1301\" data-end=\"1328\">Votre message ou demande de renseignements<\/strong><\/p><p data-start=\"1332\" data-end=\"1450\">Nous le faisons <strong data-start=\"1338\" data-end=\"1345\">pas<\/strong> recueillir des informations personnelles sensibles telles que des donn\u00e9es financi\u00e8res, des mots de passe ou des identifiants d\u00e9livr\u00e9s par le gouvernement.<\/p><hr data-start=\"1452\" data-end=\"1455\" \/><h2 data-start=\"1457\" data-end=\"1496\"><strong data-start=\"1460\" data-end=\"1494\">2. Comment nous utilisons vos informations<\/strong><\/h2><p data-start=\"1498\" data-end=\"1987\">Nous utilisons les informations collect\u00e9es aux fins suivantes :<br data-start=\"1554\" data-end=\"1557\" \/>\u2705 <strong data-start=\"1559\" data-end=\"1590\">Am\u00e9liorer les performances du site web<\/strong> - Suivre le comportement des visiteurs pour optimiser l'exp\u00e9rience de l'utilisateur.<br data-start=\"1644\" data-end=\"1647\" \/>\u2705 <strong data-start=\"1649\" data-end=\"1680\">S\u00e9curit\u00e9 et pr\u00e9vention de la fraude<\/strong> - Prot\u00e9ger contre les attaques malveillantes en utilisant <strong data-start=\"1723\" data-end=\"1737\">Cloudflare<\/strong>.<br data-start=\"1738\" data-end=\"1741\" \/>\u2705 <strong data-start=\"1743\" data-end=\"1770\">Publicit\u00e9 et marketing<\/strong> - Afficher des publicit\u00e9s personnalis\u00e9es via <strong data-start=\"1802\" data-end=\"1816\">Annonces Google<\/strong>.<br data-start=\"1817\" data-end=\"1820\" \/>\u2705 <strong data-start=\"1822\" data-end=\"1846\">Analyses et perspectives<\/strong> - Utilisation <strong data-start=\"1853\" data-end=\"1873\">Google Analytics<\/strong> pour analyser le trafic et les tendances.<br data-start=\"1904\" data-end=\"1907\" \/>\u2705 <strong data-start=\"1909\" data-end=\"1926\">Communication<\/strong> - R\u00e9pondre aux demandes de renseignements, fournir une assistance et envoyer des mises \u00e0 jour.<\/p><p data-start=\"1989\" data-end=\"2062\">Nous <strong data-start=\"1992\" data-end=\"2023\">ne pas vendre, louer ou \u00e9changer<\/strong> vos donn\u00e9es personnelles \u00e0 des tiers.<\/p><hr data-start=\"2064\" data-end=\"2067\" \/><h2 data-start=\"2069\" data-end=\"2114\"><strong data-start=\"2072\" data-end=\"2112\">3. Cookies et technologies de suivi<\/strong><\/h2><p data-start=\"2116\" data-end=\"2209\">Nous utilisons des cookies et des technologies similaires pour am\u00e9liorer votre exp\u00e9rience de navigation. Il s'agit notamment de<\/p><p data-start=\"2211\" data-end=\"2522\">\ud83d\udd39 <strong data-start=\"2214\" data-end=\"2236\">Cookies essentiels :<\/strong> N\u00e9cessaire \u00e0 la fonctionnalit\u00e9 du site web.<br data-start=\"2273\" data-end=\"2276\" \/>\ud83d\udd39 <strong data-start=\"2279\" data-end=\"2301\">Cookies d'analyse :<\/strong> Utilis\u00e9 par <strong data-start=\"2310\" data-end=\"2330\">Google Analytics<\/strong> pour suivre les interactions des utilisateurs.<br data-start=\"2358\" data-end=\"2361\" \/>\ud83d\udd39 <strong data-start=\"2364\" data-end=\"2388\">Cookies publicitaires :<\/strong> Utilis\u00e9 par <strong data-start=\"2397\" data-end=\"2411\">Annonces Google<\/strong> pour afficher des publicit\u00e9s pertinentes.<br data-start=\"2447\" data-end=\"2450\" \/>\ud83d\udd39 <strong data-start=\"2453\" data-end=\"2474\">Cookies de s\u00e9curit\u00e9 :<\/strong> G\u00e9r\u00e9 par <strong data-start=\"2486\" data-end=\"2500\">Cloudflare<\/strong> pour pr\u00e9venir les attaques.<\/p><p data-start=\"2524\" data-end=\"2651\">Vous pouvez g\u00e9rer ou d\u00e9sactiver les cookies par le biais des param\u00e8tres de votre navigateur. Toutefois, la d\u00e9sactivation des cookies peut affecter la fonctionnalit\u00e9 du site web.<\/p><hr data-start=\"2653\" data-end=\"2656\" \/><h2 data-start=\"2658\" data-end=\"2697\"><strong data-start=\"2661\" data-end=\"2695\">4. Services de tiers que nous utilisons<\/strong><\/h2><h3 data-start=\"2699\" data-end=\"2722\"><strong data-start=\"2703\" data-end=\"2720\">A. Annonces Google<\/strong><\/h3><p data-start=\"2723\" data-end=\"2833\">Nous utilisons <strong data-start=\"2730\" data-end=\"2744\">Annonces Google<\/strong> pour diffuser des publicit\u00e9s pertinentes. Google peut collecter des donn\u00e9es de navigation pour personnaliser les annonces.<\/p><p data-start=\"2835\" data-end=\"2934\"><strong data-start=\"2835\" data-end=\"2877\">Pour ne plus recevoir d'annonces personnalis\u00e9es, rendez-vous sur le site :<\/strong> <a href=\"https:\/\/adssettings.google.com\/\" target=\"_blank\" rel=\"noopener\" data-start=\"2878\" data-end=\"2932\">Param\u00e8tres des annonces Google<\/a><\/p><h3 data-start=\"2936\" data-end=\"2965\"><strong data-start=\"2940\" data-end=\"2963\">B. Google Analytics<\/strong><\/h3><p data-start=\"2966\" data-end=\"3104\">Nous utilisons <strong data-start=\"2973\" data-end=\"2993\">Google Analytics<\/strong> pour suivre le trafic sur le site web et am\u00e9liorer les performances. Ce service recueille des donn\u00e9es anonymes sur le comportement des utilisateurs.<\/p><p data-start=\"3106\" data-end=\"3197\"><strong data-start=\"3106\" data-end=\"3134\">Pour plus d'informations, visitez le site :<\/strong> <a href=\"https:\/\/policies.google.com\/\" target=\"_blank\" rel=\"noopener\" data-start=\"3135\" data-end=\"3195\">R\u00e8gles de confidentialit\u00e9 de Google<\/a><\/p><h3 data-start=\"3199\" data-end=\"3222\"><strong data-start=\"3203\" data-end=\"3220\">C. Cloudflare<\/strong><\/h3><p data-start=\"3223\" data-end=\"3368\">Nous utilisons <strong data-start=\"3230\" data-end=\"3244\">Cloudflare<\/strong> pour prot\u00e9ger notre site web contre les cybermenaces et am\u00e9liorer ses performances. Cloudflare peut collecter les adresses IP et les journaux de s\u00e9curit\u00e9.<\/p><p data-start=\"3370\" data-end=\"3471\"><strong data-start=\"3370\" data-end=\"3398\">Pour plus d'informations, visitez le site :<\/strong> <a href=\"https:\/\/www.cloudflare.com\/privacypolicy\/\" target=\"_blank\" rel=\"noopener\" data-start=\"3399\" data-end=\"3469\">Politique de confidentialit\u00e9 de Cloudflare<\/a><\/p><h3 data-start=\"3473\" data-end=\"3509\"><strong data-start=\"3477\" data-end=\"3507\">D. Annonceurs tiers<\/strong><\/h3><p data-start=\"3510\" data-end=\"3688\">Outre Google Ads, nous pouvons \u00eatre amen\u00e9s \u00e0 travailler avec d'autres <strong data-start=\"3553\" data-end=\"3577\">r\u00e9seaux publicitaires<\/strong> qui utilisent des cookies pour afficher des publicit\u00e9s pertinentes. Ces tiers peuvent collecter des donn\u00e9es de navigation pour personnaliser le contenu.<\/p><hr data-start=\"3690\" data-end=\"3693\" \/><h2 data-start=\"3695\" data-end=\"3735\"><strong data-start=\"3698\" data-end=\"3733\">5. Protection et s\u00e9curit\u00e9 des donn\u00e9es<\/strong><\/h2><p data-start=\"3737\" data-end=\"4055\">Nous prenons la s\u00e9curit\u00e9 au s\u00e9rieux et mettons en \u0153uvre des mesures pour prot\u00e9ger vos informations personnelles :<br data-start=\"3824\" data-end=\"3827\" \/>\u2714\ufe0f <strong data-start=\"3830\" data-end=\"3848\">Cryptage SSL<\/strong> - Transmission s\u00e9curis\u00e9e de donn\u00e9es sur l'internet.<br data-start=\"3894\" data-end=\"3897\" \/>\u2714\ufe0f <strong data-start=\"3900\" data-end=\"3925\">Protection Cloudflare<\/strong> - Pr\u00e9vient les cybermenaces et les attaques DDoS.<br data-start=\"3968\" data-end=\"3971\" \/>\u2714\ufe0f <strong data-start=\"3974\" data-end=\"4001\">Audits de s\u00e9curit\u00e9 r\u00e9guliers<\/strong> - D\u00e9tecter les vuln\u00e9rabilit\u00e9s et assurer la s\u00e9curit\u00e9 des donn\u00e9es.<\/p><p data-start=\"4057\" data-end=\"4143\">Malgr\u00e9 ces efforts, aucun site web n'est 100% s\u00e9curis\u00e9. L'utilisation de nos services se fait \u00e0 vos risques et p\u00e9rils.<\/p><hr data-start=\"4145\" data-end=\"4148\" \/><h2 data-start=\"4150\" data-end=\"4185\"><strong data-start=\"4153\" data-end=\"4183\">6. Vos droits et vos choix<\/strong><\/h2><p data-start=\"4187\" data-end=\"4550\">Vous disposez des droits suivants concernant vos donn\u00e9es personnelles :<br data-start=\"4246\" data-end=\"4249\" \/>\u2705 <strong data-start=\"4251\" data-end=\"4271\">Acc\u00e9dez \u00e0 vos donn\u00e9es<\/strong> - Demander des informations sur les donn\u00e9es dont nous disposons.<br data-start=\"4318\" data-end=\"4321\" \/>\u2705 <strong data-start=\"4323\" data-end=\"4344\">Corrigez vos donn\u00e9es<\/strong> - Demandez-nous de mettre \u00e0 jour ou de corriger des informations incorrectes.<br data-start=\"4393\" data-end=\"4396\" \/>\u2705 <strong data-start=\"4398\" data-end=\"4418\">Supprimez vos donn\u00e9es<\/strong> - Demander la suppression de vos informations personnelles.<br data-start=\"4470\" data-end=\"4473\" \/>\u2705 <strong data-start=\"4475\" data-end=\"4498\">Refus du suivi<\/strong> - D\u00e9sactiver les cookies ou refuser les publicit\u00e9s personnalis\u00e9es.<\/p><p data-start=\"4552\" data-end=\"4630\">Pour exercer ces droits, veuillez nous contacter \u00e0 l'adresse suivante : onlyfansunofficial@gmail.com.<\/p><hr data-start=\"4632\" data-end=\"4635\" \/><h2 data-start=\"4637\" data-end=\"4678\"><strong data-start=\"4640\" data-end=\"4676\">7. Liens vers des sites web de tiers<\/strong><\/h2><p data-start=\"4680\" data-end=\"4869\">Notre site web peut contenir des liens vers des sites web externes (tels que OnlyFans.com). Nous sommes <strong data-start=\"4762\" data-end=\"4781\">non responsable<\/strong> pour conna\u00eetre leur politique en mati\u00e8re de protection de la vie priv\u00e9e. Veuillez prendre connaissance de leurs conditions avant de partager des informations.<\/p><hr data-start=\"4871\" data-end=\"4874\" \/><h2 data-start=\"4876\" data-end=\"4906\"><strong data-start=\"4879\" data-end=\"4904\">8. Vie priv\u00e9e des enfants<\/strong><\/h2><p data-start=\"4908\" data-end=\"5127\">Nos services sont <strong data-start=\"4925\" data-end=\"4971\">n'est pas destin\u00e9 aux utilisateurs de moins de 18 ans<\/strong>. Nous ne collectons pas sciemment de donn\u00e9es personnelles aupr\u00e8s de mineurs. Si vous pensez qu'un mineur nous a fourni des informations, veuillez nous contacter pour un retrait imm\u00e9diat.<\/p><hr data-start=\"5129\" data-end=\"5132\" \/><h2 data-start=\"5134\" data-end=\"5176\"><strong data-start=\"5137\" data-end=\"5174\">9. Modifications de la pr\u00e9sente politique de protection de la vie priv\u00e9e<\/strong><\/h2><p data-start=\"5178\" data-end=\"5317\">Nous pouvons mettre \u00e0 jour cette <strong data-start=\"5197\" data-end=\"5215\">Politique de confidentialit\u00e9<\/strong> p\u00e9riodiquement. Toute modification sera affich\u00e9e sur cette page et nous vous encourageons \u00e0 la consulter r\u00e9guli\u00e8rement.<\/p><hr data-start=\"5352\" data-end=\"5355\" \/><h2 data-start=\"5357\" data-end=\"5380\"><strong data-start=\"5360\" data-end=\"5378\">10. Nous contacter<\/strong><\/h2><p data-start=\"5382\" data-end=\"5460\">Si vous avez des questions concernant cette politique de confidentialit\u00e9, n'h\u00e9sitez pas \u00e0 nous contacter :<\/p><p data-start=\"5382\" data-end=\"5460\">\ud83d\udccd <strong data-start=\"5543\" data-end=\"5561\">Soutien :<\/strong>\u00a0 <a href=\"\/fr\/nous-contacter\/\">Nous contacter<\/a><\/p><p data-start=\"5606\" data-end=\"5738\" data-is-last-node=\"\" data-is-only-node=\"\">En utilisant notre site web et en t\u00e9l\u00e9chargeant le <strong data-start=\"5647\" data-end=\"5667\">OnlyFans App APK<\/strong>vous reconnaissez avoir lu et accept\u00e9 la pr\u00e9sente politique de protection de la vie priv\u00e9e.<\/p>\t\t\t\t\t\t\t\t<\/div>\n\t\t\t\t<\/div>\n\t\t\t\t\t<\/div>\n\t\t\t\t<\/div>\n\t\t\t\t\t<\/div>\n\t\t\t\t<\/div>\n\t\t\t\t<\/div>","protected":false},"excerpt":{"rendered":"<p>Politique de confidentialit\u00e9 Bienvenue sur l'application OnlyFans. Votre vie priv\u00e9e est importante pour nous. Cette politique de confidentialit\u00e9 explique comment nous collectons, utilisons et prot\u00e9geons vos informations personnelles lorsque vous visitez notre site web, utilisez nos services ou t\u00e9l\u00e9chargez l'application OnlyFans App APK. En utilisant notre site web, vous acceptez les conditions d\u00e9crites dans cette politique de confidentialit\u00e9. Si vous...<\/p>","protected":false},"author":1,"featured_media":0,"parent":0,"menu_order":0,"comment_status":"closed","ping_status":"closed","template":"elementor_header_footer","meta":{"footnotes":""},"class_list":["post-93","page","type-page","status-publish","hentry"],"yoast_head":"<!-- This site is optimized with the Yoast SEO plugin v27.0 - https:\/\/yoast.com\/product\/yoast-seo-wordpress\/ -->\n<title>Privacy Policy<\/title>\n<meta name=\"robots\" content=\"index, follow, max-snippet:-1, max-image-preview:large, max-video-preview:-1\" \/>\n<link rel=\"canonical\" href=\"https:\/\/www.onlyfa.app\/fr\/politique-de-confidentialite\/\" \/>\n<meta property=\"og:locale\" content=\"fr_FR\" \/>\n<meta property=\"og:type\" content=\"article\" \/>\n<meta property=\"og:title\" content=\"Privacy Policy\" \/>\n<meta property=\"og:description\" content=\"Privacy Policy Welcome to OnlyFans App. Your privacy is important to us. This Privacy Policy explains how we collect, use, and protect your personal information when you visit our website, use our services, or download the OnlyFans App APK. By using our website, you agree to the terms outlined in this Privacy Policy. If you\u2026\" \/>\n<meta property=\"og:url\" content=\"https:\/\/www.onlyfa.app\/fr\/politique-de-confidentialite\/\" \/>\n<meta property=\"og:site_name\" content=\"OnlyFans\" \/>\n<meta property=\"article:modified_time\" content=\"2025-03-16T11:00:39+00:00\" \/>\n<meta property=\"og:image\" content=\"https:\/\/www.onlyfa.app\/wp-content\/uploads\/OnlyFans-Apk-Download.png\" \/>\n\t<meta property=\"og:image:width\" content=\"1280\" \/>\n\t<meta property=\"og:image:height\" content=\"720\" \/>\n\t<meta property=\"og:image:type\" content=\"image\/png\" \/>\n<meta name=\"twitter:card\" content=\"summary_large_image\" \/>\n<meta name=\"twitter:label1\" content=\"Dur\u00e9e de lecture estim\u00e9e\" \/>\n\t<meta name=\"twitter:data1\" content=\"4 minutes\" \/>\n<script type=\"application\/ld+json\" class=\"yoast-schema-graph\">{\"@context\":\"https:\/\/schema.org\",\"@graph\":[{\"@type\":\"WebPage\",\"@id\":\"https:\/\/www.onlyfa.app\/privacy-policy\/\",\"url\":\"https:\/\/www.onlyfa.app\/privacy-policy\/\",\"name\":\"Privacy Policy\",\"isPartOf\":{\"@id\":\"https:\/\/www.onlyfa.app\/#website\"},\"datePublished\":\"2025-03-16T10:55:49+00:00\",\"dateModified\":\"2025-03-16T11:00:39+00:00\",\"breadcrumb\":{\"@id\":\"https:\/\/www.onlyfa.app\/privacy-policy\/#breadcrumb\"},\"inLanguage\":\"fr-FR\",\"potentialAction\":[{\"@type\":\"ReadAction\",\"target\":[\"https:\/\/www.onlyfa.app\/privacy-policy\/\"]}]},{\"@type\":\"BreadcrumbList\",\"@id\":\"https:\/\/www.onlyfa.app\/privacy-policy\/#breadcrumb\",\"itemListElement\":[{\"@type\":\"ListItem\",\"position\":1,\"name\":\"Home\",\"item\":\"https:\/\/www.onlyfa.app\/\"},{\"@type\":\"ListItem\",\"position\":2,\"name\":\"Privacy Policy\"}]},{\"@type\":\"WebSite\",\"@id\":\"https:\/\/www.onlyfa.app\/#website\",\"url\":\"https:\/\/www.onlyfa.app\/\",\"name\":\"OnlyFans\",\"description\":\"Download OnlyFans App Apk\",\"publisher\":{\"@id\":\"https:\/\/www.onlyfa.app\/#organization\"},\"alternateName\":\"OnlyFans App\",\"potentialAction\":[{\"@type\":\"SearchAction\",\"target\":{\"@type\":\"EntryPoint\",\"urlTemplate\":\"https:\/\/www.onlyfa.app\/?s={search_term_string}\"},\"query-input\":{\"@type\":\"PropertyValueSpecification\",\"valueRequired\":true,\"valueName\":\"search_term_string\"}}],\"inLanguage\":\"fr-FR\"},{\"@type\":\"Organization\",\"@id\":\"https:\/\/www.onlyfa.app\/#organization\",\"name\":\"OnlyFans\",\"alternateName\":\"OnlyFans App\",\"url\":\"https:\/\/www.onlyfa.app\/\",\"logo\":{\"@type\":\"ImageObject\",\"inLanguage\":\"fr-FR\",\"@id\":\"https:\/\/www.onlyfa.app\/#\/schema\/logo\/image\/\",\"url\":\"https:\/\/onlyfa.app\/wp-content\/uploads\/OnlyFans-Icon.png\",\"contentUrl\":\"https:\/\/onlyfa.app\/wp-content\/uploads\/OnlyFans-Icon.png\",\"width\":512,\"height\":512,\"caption\":\"OnlyFans\"},\"image\":{\"@id\":\"https:\/\/www.onlyfa.app\/#\/schema\/logo\/image\/\"}}]}<\/script>\n<!-- \/ Yoast SEO plugin. -->","yoast_head_json":{"title":"Politique de confidentialit\u00e9","robots":{"index":"index","follow":"follow","max-snippet":"max-snippet:-1","max-image-preview":"max-image-preview:large","max-video-preview":"max-video-preview:-1"},"canonical":"https:\/\/www.onlyfa.app\/fr\/politique-de-confidentialite\/","og_locale":"fr_FR","og_type":"article","og_title":"Privacy Policy","og_description":"Privacy Policy Welcome to OnlyFans App. Your privacy is important to us. This Privacy Policy explains how we collect, use, and protect your personal information when you visit our website, use our services, or download the OnlyFans App APK. By using our website, you agree to the terms outlined in this Privacy Policy. If you\u2026","og_url":"https:\/\/www.onlyfa.app\/fr\/politique-de-confidentialite\/","og_site_name":"OnlyFans","article_modified_time":"2025-03-16T11:00:39+00:00","og_image":[{"width":1280,"height":720,"url":"https:\/\/www.onlyfa.app\/wp-content\/uploads\/OnlyFans-Apk-Download.png","type":"image\/png"}],"twitter_card":"summary_large_image","twitter_misc":{"Dur\u00e9e de lecture estim\u00e9e":"4 minutes"},"schema":{"@context":"https:\/\/schema.org","@graph":[{"@type":"WebPage","@id":"https:\/\/www.onlyfa.app\/privacy-policy\/","url":"https:\/\/www.onlyfa.app\/privacy-policy\/","name":"Politique de confidentialit\u00e9","isPartOf":{"@id":"https:\/\/www.onlyfa.app\/#website"},"datePublished":"2025-03-16T10:55:49+00:00","dateModified":"2025-03-16T11:00:39+00:00","breadcrumb":{"@id":"https:\/\/www.onlyfa.app\/privacy-policy\/#breadcrumb"},"inLanguage":"fr-FR","potentialAction":[{"@type":"ReadAction","target":["https:\/\/www.onlyfa.app\/privacy-policy\/"]}]},{"@type":"BreadcrumbList","@id":"https:\/\/www.onlyfa.app\/privacy-policy\/#breadcrumb","itemListElement":[{"@type":"ListItem","position":1,"name":"Home","item":"https:\/\/www.onlyfa.app\/"},{"@type":"ListItem","position":2,"name":"Privacy Policy"}]},{"@type":"WebSite","@id":"https:\/\/www.onlyfa.app\/#website","url":"https:\/\/www.onlyfa.app\/","name":"OnlyFans","description":"T\u00e9l\u00e9charger OnlyFans App Apk","publisher":{"@id":"https:\/\/www.onlyfa.app\/#organization"},"alternateName":"OnlyFans App","potentialAction":[{"@type":"SearchAction","target":{"@type":"EntryPoint","urlTemplate":"https:\/\/www.onlyfa.app\/?s={search_term_string}"},"query-input":{"@type":"PropertyValueSpecification","valueRequired":true,"valueName":"search_term_string"}}],"inLanguage":"fr-FR"},{"@type":"Organization","@id":"https:\/\/www.onlyfa.app\/#organization","name":"OnlyFans","alternateName":"OnlyFans App","url":"https:\/\/www.onlyfa.app\/","logo":{"@type":"ImageObject","inLanguage":"fr-FR","@id":"https:\/\/www.onlyfa.app\/#\/schema\/logo\/image\/","url":"https:\/\/onlyfa.app\/wp-content\/uploads\/OnlyFans-Icon.png","contentUrl":"https:\/\/onlyfa.app\/wp-content\/uploads\/OnlyFans-Icon.png","width":512,"height":512,"caption":"OnlyFans"},"image":{"@id":"https:\/\/www.onlyfa.app\/#\/schema\/logo\/image\/"}}]}},"_links":{"self":[{"href":"https:\/\/www.onlyfa.app\/fr\/wp-json\/wp\/v2\/pages\/93","targetHints":{"allow":["GET"]}}],"collection":[{"href":"https:\/\/www.onlyfa.app\/fr\/wp-json\/wp\/v2\/pages"}],"about":[{"href":"https:\/\/www.onlyfa.app\/fr\/wp-json\/wp\/v2\/types\/page"}],"author":[{"embeddable":true,"href":"https:\/\/www.onlyfa.app\/fr\/wp-json\/wp\/v2\/users\/1"}],"replies":[{"embeddable":true,"href":"https:\/\/www.onlyfa.app\/fr\/wp-json\/wp\/v2\/comments?post=93"}],"version-history":[{"count":4,"href":"https:\/\/www.onlyfa.app\/fr\/wp-json\/wp\/v2\/pages\/93\/revisions"}],"predecessor-version":[{"id":97,"href":"https:\/\/www.onlyfa.app\/fr\/wp-json\/wp\/v2\/pages\/93\/revisions\/97"}],"wp:attachment":[{"href":"https:\/\/www.onlyfa.app\/fr\/wp-json\/wp\/v2\/media?parent=93"}],"curies":[{"name":"wp","href":"https:\/\/api.w.org\/{rel}","templated":true}]}}