{"id":77,"date":"2025-03-16T10:43:43","date_gmt":"2025-03-16T10:43:43","guid":{"rendered":"https:\/\/wordpress-1205845-5339156.cloudwaysapps.com\/?page_id=77"},"modified":"2025-03-16T10:45:11","modified_gmt":"2025-03-16T10:45:11","slug":"isencao-de-responsabilidade","status":"publish","type":"page","link":"https:\/\/www.onlyfa.app\/pt\/isencao-de-responsabilidade\/","title":{"rendered":"Isen\u00e7\u00e3o de responsabilidade"},"content":{"rendered":"<div data-elementor-type=\"wp-page\" data-elementor-id=\"77\" class=\"elementor elementor-77\">\n\t\t\t\t<div class=\"elementor-element elementor-element-e06e26d e-grid e-con-boxed e-con e-parent\" data-id=\"e06e26d\" data-element_type=\"container\" data-e-type=\"container\" data-settings=\"{&quot;background_background&quot;:&quot;classic&quot;}\">\n\t\t\t\t\t<div class=\"e-con-inner\">\n\t\t<div class=\"elementor-element elementor-element-ee078d4 e-flex e-con-boxed e-con e-child\" data-id=\"ee078d4\" data-element_type=\"container\" data-e-type=\"container\">\n\t\t\t\t\t<div class=\"e-con-inner\">\n\t\t\t\t<div class=\"elementor-element elementor-element-d47259b elementor-widget elementor-widget-heading\" data-id=\"d47259b\" data-element_type=\"widget\" data-e-type=\"widget\" data-widget_type=\"heading.default\">\n\t\t\t\t<div class=\"elementor-widget-container\">\n\t\t\t\t\t<h1 class=\"elementor-heading-title elementor-size-default\">Isen\u00e7\u00e3o de responsabilidade<\/h1>\t\t\t\t<\/div>\n\t\t\t\t<\/div>\n\t\t\t\t<div class=\"elementor-element elementor-element-e5f47bb elementor-widget elementor-widget-text-editor\" data-id=\"e5f47bb\" data-element_type=\"widget\" data-e-type=\"widget\" data-widget_type=\"text-editor.default\">\n\t\t\t\t<div class=\"elementor-widget-container\">\n\t\t\t\t\t\t\t\t\t<p data-start=\"837\" data-end=\"1064\"><a href=\"\/pt\/\"><strong data-start=\"837\" data-end=\"853\">Aplicativo OnlyFans<\/strong><\/a> \u00e9 um <strong data-start=\"859\" data-end=\"886\">aplicativo de terceiros<\/strong> projetado para fornecer aos usu\u00e1rios acesso f\u00e1cil aos <strong data-start=\"937\" data-end=\"958\">Plataforma OnlyFans<\/strong> por meio de um navegador WebView. N\u00f3s somos <strong data-start=\"989\" data-end=\"1050\">n\u00e3o \u00e9 afiliado, endossado ou associado ao OnlyFans.com<\/strong> de qualquer forma.<\/p><ul data-start=\"1066\" data-end=\"1386\"><li data-start=\"1066\" data-end=\"1161\">N\u00f3s fornecemos o <strong data-start=\"1083\" data-end=\"1103\">Aplicativo OnlyFans APK<\/strong> como uma ferramenta baseada em WebView para acessar o conte\u00fado do OnlyFans.<\/li><li data-start=\"1162\" data-end=\"1229\">N\u00f3s <strong data-start=\"1167\" data-end=\"1205\">n\u00e3o hospede, modifique ou distribua<\/strong> qualquer conte\u00fado do OnlyFans.<\/li><li data-start=\"1230\" data-end=\"1303\">Todas as marcas registradas, logotipos e conte\u00fado pertencem a seus respectivos propriet\u00e1rios.<\/li><li data-start=\"1304\" data-end=\"1386\">Os usu\u00e1rios devem cumprir com <strong data-start=\"1329\" data-end=\"1363\">Termos e condi\u00e7\u00f5es do OnlyFans<\/strong> ao usar nosso aplicativo.<\/li><\/ul><p data-start=\"1388\" data-end=\"1555\">Ao fazer o download e usar nosso APK, voc\u00ea reconhece que n\u00e3o somos respons\u00e1veis por qualquer <strong data-start=\"1474\" data-end=\"1531\">problemas relacionados \u00e0 conta, pagamentos ou pol\u00edticas de conte\u00fado<\/strong> aplicado por OnlyFans.<\/p><p data-start=\"1557\" data-end=\"1647\">Para obter mais detalhes, visite nosso <strong data-start=\"1585\" data-end=\"1602\"><a href=\"\/pt\/sobre-nos\/\" rel=\"noopener\" data-start=\"1587\" data-end=\"1600\">Sobre n\u00f3s<\/a><\/strong> ou entre em contato via <strong data-start=\"1625\" data-end=\"1644\"><a href=\"\/pt\/entre-em-contato-conosco\/\" rel=\"noopener\" data-start=\"1627\" data-end=\"1642\">Entre em contato conosco<\/a><\/strong>.<\/p>\t\t\t\t\t\t\t\t<\/div>\n\t\t\t\t<\/div>\n\t\t\t\t\t<\/div>\n\t\t\t\t<\/div>\n\t\t\t\t\t<\/div>\n\t\t\t\t<\/div>\n\t\t\t\t<\/div>","protected":false},"excerpt":{"rendered":"<p>Disclaimer OnlyFans App is a third-party application designed to provide users with easy access to the OnlyFans platform via a WebView browser. We are not affiliated, endorsed, or associated with OnlyFans.com in any way. We provide the OnlyFans App APK as a WebView-based tool for accessing OnlyFans content. We do not host, modify, or distribute&hellip;<\/p>","protected":false},"author":1,"featured_media":0,"parent":0,"menu_order":0,"comment_status":"closed","ping_status":"closed","template":"elementor_header_footer","meta":{"footnotes":""},"class_list":["post-77","page","type-page","status-publish","hentry"],"yoast_head":"<!-- This site is optimized with the Yoast SEO plugin v27.0 - https:\/\/yoast.com\/product\/yoast-seo-wordpress\/ -->\n<title>Disclaimer<\/title>\n<meta name=\"robots\" content=\"index, follow, max-snippet:-1, max-image-preview:large, max-video-preview:-1\" \/>\n<link rel=\"canonical\" href=\"https:\/\/www.onlyfa.app\/pt\/isencao-de-responsabilidade\/\" \/>\n<meta property=\"og:locale\" content=\"pt_BR\" \/>\n<meta property=\"og:type\" content=\"article\" \/>\n<meta property=\"og:title\" content=\"Disclaimer\" \/>\n<meta property=\"og:description\" content=\"Disclaimer OnlyFans App is a third-party application designed to provide users with easy access to the OnlyFans platform via a WebView browser. We are not affiliated, endorsed, or associated with OnlyFans.com in any way. We provide the OnlyFans App APK as a WebView-based tool for accessing OnlyFans content. We do not host, modify, or distribute&hellip;\" \/>\n<meta property=\"og:url\" content=\"https:\/\/www.onlyfa.app\/pt\/isencao-de-responsabilidade\/\" \/>\n<meta property=\"og:site_name\" content=\"OnlyFans\" \/>\n<meta property=\"article:modified_time\" content=\"2025-03-16T10:45:11+00:00\" \/>\n<meta property=\"og:image\" content=\"https:\/\/www.onlyfa.app\/wp-content\/uploads\/OnlyFans-Apk-Download.png\" \/>\n\t<meta property=\"og:image:width\" content=\"1280\" \/>\n\t<meta property=\"og:image:height\" content=\"720\" \/>\n\t<meta property=\"og:image:type\" content=\"image\/png\" \/>\n<meta name=\"twitter:card\" content=\"summary_large_image\" \/>\n<meta name=\"twitter:label1\" content=\"Est. tempo de leitura\" \/>\n\t<meta name=\"twitter:data1\" content=\"1 minuto\" \/>\n<script type=\"application\/ld+json\" class=\"yoast-schema-graph\">{\"@context\":\"https:\/\/schema.org\",\"@graph\":[{\"@type\":\"WebPage\",\"@id\":\"https:\/\/www.onlyfa.app\/disclaimer\/\",\"url\":\"https:\/\/www.onlyfa.app\/disclaimer\/\",\"name\":\"Disclaimer\",\"isPartOf\":{\"@id\":\"https:\/\/www.onlyfa.app\/#website\"},\"datePublished\":\"2025-03-16T10:43:43+00:00\",\"dateModified\":\"2025-03-16T10:45:11+00:00\",\"breadcrumb\":{\"@id\":\"https:\/\/www.onlyfa.app\/disclaimer\/#breadcrumb\"},\"inLanguage\":\"pt-BR\",\"potentialAction\":[{\"@type\":\"ReadAction\",\"target\":[\"https:\/\/www.onlyfa.app\/disclaimer\/\"]}]},{\"@type\":\"BreadcrumbList\",\"@id\":\"https:\/\/www.onlyfa.app\/disclaimer\/#breadcrumb\",\"itemListElement\":[{\"@type\":\"ListItem\",\"position\":1,\"name\":\"Home\",\"item\":\"https:\/\/www.onlyfa.app\/\"},{\"@type\":\"ListItem\",\"position\":2,\"name\":\"Disclaimer\"}]},{\"@type\":\"WebSite\",\"@id\":\"https:\/\/www.onlyfa.app\/#website\",\"url\":\"https:\/\/www.onlyfa.app\/\",\"name\":\"OnlyFans\",\"description\":\"Download OnlyFans App Apk\",\"publisher\":{\"@id\":\"https:\/\/www.onlyfa.app\/#organization\"},\"alternateName\":\"OnlyFans App\",\"potentialAction\":[{\"@type\":\"SearchAction\",\"target\":{\"@type\":\"EntryPoint\",\"urlTemplate\":\"https:\/\/www.onlyfa.app\/?s={search_term_string}\"},\"query-input\":{\"@type\":\"PropertyValueSpecification\",\"valueRequired\":true,\"valueName\":\"search_term_string\"}}],\"inLanguage\":\"pt-BR\"},{\"@type\":\"Organization\",\"@id\":\"https:\/\/www.onlyfa.app\/#organization\",\"name\":\"OnlyFans\",\"alternateName\":\"OnlyFans App\",\"url\":\"https:\/\/www.onlyfa.app\/\",\"logo\":{\"@type\":\"ImageObject\",\"inLanguage\":\"pt-BR\",\"@id\":\"https:\/\/www.onlyfa.app\/#\/schema\/logo\/image\/\",\"url\":\"https:\/\/onlyfa.app\/wp-content\/uploads\/OnlyFans-Icon.png\",\"contentUrl\":\"https:\/\/onlyfa.app\/wp-content\/uploads\/OnlyFans-Icon.png\",\"width\":512,\"height\":512,\"caption\":\"OnlyFans\"},\"image\":{\"@id\":\"https:\/\/www.onlyfa.app\/#\/schema\/logo\/image\/\"}}]}<\/script>\n<!-- \/ Yoast SEO plugin. -->","yoast_head_json":{"title":"Isen\u00e7\u00e3o de responsabilidade","robots":{"index":"index","follow":"follow","max-snippet":"max-snippet:-1","max-image-preview":"max-image-preview:large","max-video-preview":"max-video-preview:-1"},"canonical":"https:\/\/www.onlyfa.app\/pt\/isencao-de-responsabilidade\/","og_locale":"pt_BR","og_type":"article","og_title":"Disclaimer","og_description":"Disclaimer OnlyFans App is a third-party application designed to provide users with easy access to the OnlyFans platform via a WebView browser. We are not affiliated, endorsed, or associated with OnlyFans.com in any way. We provide the OnlyFans App APK as a WebView-based tool for accessing OnlyFans content. We do not host, modify, or distribute&hellip;","og_url":"https:\/\/www.onlyfa.app\/pt\/isencao-de-responsabilidade\/","og_site_name":"OnlyFans","article_modified_time":"2025-03-16T10:45:11+00:00","og_image":[{"width":1280,"height":720,"url":"https:\/\/www.onlyfa.app\/wp-content\/uploads\/OnlyFans-Apk-Download.png","type":"image\/png"}],"twitter_card":"summary_large_image","twitter_misc":{"Est. tempo de leitura":"1 minuto"},"schema":{"@context":"https:\/\/schema.org","@graph":[{"@type":"WebPage","@id":"https:\/\/www.onlyfa.app\/disclaimer\/","url":"https:\/\/www.onlyfa.app\/disclaimer\/","name":"Isen\u00e7\u00e3o de responsabilidade","isPartOf":{"@id":"https:\/\/www.onlyfa.app\/#website"},"datePublished":"2025-03-16T10:43:43+00:00","dateModified":"2025-03-16T10:45:11+00:00","breadcrumb":{"@id":"https:\/\/www.onlyfa.app\/disclaimer\/#breadcrumb"},"inLanguage":"pt-BR","potentialAction":[{"@type":"ReadAction","target":["https:\/\/www.onlyfa.app\/disclaimer\/"]}]},{"@type":"BreadcrumbList","@id":"https:\/\/www.onlyfa.app\/disclaimer\/#breadcrumb","itemListElement":[{"@type":"ListItem","position":1,"name":"Home","item":"https:\/\/www.onlyfa.app\/"},{"@type":"ListItem","position":2,"name":"Disclaimer"}]},{"@type":"WebSite","@id":"https:\/\/www.onlyfa.app\/#website","url":"https:\/\/www.onlyfa.app\/","name":"Somente f\u00e3s","description":"Baixar o aplicativo OnlyFans Apk","publisher":{"@id":"https:\/\/www.onlyfa.app\/#organization"},"alternateName":"OnlyFans App","potentialAction":[{"@type":"SearchAction","target":{"@type":"EntryPoint","urlTemplate":"https:\/\/www.onlyfa.app\/?s={search_term_string}"},"query-input":{"@type":"PropertyValueSpecification","valueRequired":true,"valueName":"search_term_string"}}],"inLanguage":"pt-BR"},{"@type":"Organization","@id":"https:\/\/www.onlyfa.app\/#organization","name":"Somente f\u00e3s","alternateName":"OnlyFans App","url":"https:\/\/www.onlyfa.app\/","logo":{"@type":"ImageObject","inLanguage":"pt-BR","@id":"https:\/\/www.onlyfa.app\/#\/schema\/logo\/image\/","url":"https:\/\/onlyfa.app\/wp-content\/uploads\/OnlyFans-Icon.png","contentUrl":"https:\/\/onlyfa.app\/wp-content\/uploads\/OnlyFans-Icon.png","width":512,"height":512,"caption":"OnlyFans"},"image":{"@id":"https:\/\/www.onlyfa.app\/#\/schema\/logo\/image\/"}}]}},"_links":{"self":[{"href":"https:\/\/www.onlyfa.app\/pt\/wp-json\/wp\/v2\/pages\/77","targetHints":{"allow":["GET"]}}],"collection":[{"href":"https:\/\/www.onlyfa.app\/pt\/wp-json\/wp\/v2\/pages"}],"about":[{"href":"https:\/\/www.onlyfa.app\/pt\/wp-json\/wp\/v2\/types\/page"}],"author":[{"embeddable":true,"href":"https:\/\/www.onlyfa.app\/pt\/wp-json\/wp\/v2\/users\/1"}],"replies":[{"embeddable":true,"href":"https:\/\/www.onlyfa.app\/pt\/wp-json\/wp\/v2\/comments?post=77"}],"version-history":[{"count":4,"href":"https:\/\/www.onlyfa.app\/pt\/wp-json\/wp\/v2\/pages\/77\/revisions"}],"predecessor-version":[{"id":81,"href":"https:\/\/www.onlyfa.app\/pt\/wp-json\/wp\/v2\/pages\/77\/revisions\/81"}],"wp:attachment":[{"href":"https:\/\/www.onlyfa.app\/pt\/wp-json\/wp\/v2\/media?parent=77"}],"curies":[{"name":"wp","href":"https:\/\/api.w.org\/{rel}","templated":true}]}}