{"id":82,"date":"2025-03-16T10:45:43","date_gmt":"2025-03-16T10:45:43","guid":{"rendered":"https:\/\/wordpress-1205845-5339156.cloudwaysapps.com\/?page_id=82"},"modified":"2025-03-16T10:47:19","modified_gmt":"2025-03-16T10:47:19","slug":"politica-de-direitos-autorais","status":"publish","type":"page","link":"https:\/\/www.onlyfa.app\/pt\/politica-de-direitos-autorais\/","title":{"rendered":"Pol\u00edtica de direitos autorais"},"content":{"rendered":"<div data-elementor-type=\"wp-page\" data-elementor-id=\"82\" class=\"elementor elementor-82\">\n\t\t\t\t<div class=\"elementor-element elementor-element-4a1bff8 e-grid e-con-boxed e-con e-parent\" data-id=\"4a1bff8\" data-element_type=\"container\" data-e-type=\"container\" data-settings=\"{&quot;background_background&quot;:&quot;classic&quot;}\">\n\t\t\t\t\t<div class=\"e-con-inner\">\n\t\t<div class=\"elementor-element elementor-element-5b8785b e-flex e-con-boxed e-con e-child\" data-id=\"5b8785b\" data-element_type=\"container\" data-e-type=\"container\">\n\t\t\t\t\t<div class=\"e-con-inner\">\n\t\t\t\t<div class=\"elementor-element elementor-element-f5e8b7c elementor-widget elementor-widget-heading\" data-id=\"f5e8b7c\" data-element_type=\"widget\" data-e-type=\"widget\" data-widget_type=\"heading.default\">\n\t\t\t\t<div class=\"elementor-widget-container\">\n\t\t\t\t\t<h1 class=\"elementor-heading-title elementor-size-default\">Pol\u00edtica de direitos autorais<\/h1>\t\t\t\t<\/div>\n\t\t\t\t<\/div>\n\t\t\t\t<div class=\"elementor-element elementor-element-3062333 elementor-widget elementor-widget-text-editor\" data-id=\"3062333\" data-element_type=\"widget\" data-e-type=\"widget\" data-widget_type=\"text-editor.default\">\n\t\t\t\t<div class=\"elementor-widget-container\">\n\t\t\t\t\t\t\t\t\t<p data-start=\"1682\" data-end=\"1870\">Todo o conte\u00fado exibido no <a href=\"\/pt\/\"><strong data-start=\"1715\" data-end=\"1731\">Aplicativo OnlyFans<\/strong><\/a> s\u00e3o de propriedade de seus respectivos criadores e propriet\u00e1rios. N\u00f3s <strong data-start=\"1792\" data-end=\"1830\">n\u00e3o possuem, controlam ou distribuem<\/strong> qualquer conte\u00fado encontrado no OnlyFans.<\/p><ul data-start=\"1872\" data-end=\"2204\"><li data-start=\"1872\" data-end=\"1998\">Nosso <strong data-start=\"1878\" data-end=\"1898\">Aplicativo OnlyFans APK<\/strong> funciona como um <strong data-start=\"1914\" data-end=\"1933\">Navegador WebView<\/strong> e n\u00e3o modifica, armazena ou reivindica a propriedade de qualquer conte\u00fado.<\/li><li data-start=\"1999\" data-end=\"2105\">A redistribui\u00e7\u00e3o, a c\u00f3pia ou o uso comercial n\u00e3o autorizado de conte\u00fado protegido por direitos autorais \u00e9 estritamente proibido.<\/li><li data-start=\"2106\" data-end=\"2204\">Os usu\u00e1rios s\u00e3o respons\u00e1veis por garantir que <strong data-start=\"2148\" data-end=\"2201\">n\u00e3o infringir as pol\u00edticas de direitos autorais do OnlyFans<\/strong>.<\/li><\/ul><p data-start=\"2206\" data-end=\"2379\">Se voc\u00ea acredita que algum conte\u00fado do aplicativo viola as leis de direitos autorais, entre em contato com <strong data-start=\"2288\" data-end=\"2304\">OnlyFans.com<\/strong> diretamente. Para consultas relacionadas ao APK, visite nosso <strong data-start=\"2352\" data-end=\"2371\"><a href=\"\/pt\/entre-em-contato-conosco\/\" rel=\"noopener\" data-start=\"2354\" data-end=\"2369\">Entre em contato conosco<\/a><\/strong> p\u00e1gina.<\/p>\t\t\t\t\t\t\t\t<\/div>\n\t\t\t\t<\/div>\n\t\t\t\t\t<\/div>\n\t\t\t\t<\/div>\n\t\t\t\t\t<\/div>\n\t\t\t\t<\/div>\n\t\t\t\t<\/div>","protected":false},"excerpt":{"rendered":"<p>Copyright Policy All content displayed within the OnlyFans App is the property of their respective creators and owners. We do not own, control, or distribute any of the content found on OnlyFans. Our OnlyFans App APK functions as a WebView browser and does not modify, store, or claim ownership of any content. Unauthorized redistribution, copying,&hellip;<\/p>","protected":false},"author":1,"featured_media":0,"parent":0,"menu_order":0,"comment_status":"closed","ping_status":"closed","template":"elementor_header_footer","meta":{"footnotes":""},"class_list":["post-82","page","type-page","status-publish","hentry"],"yoast_head":"<!-- This site is optimized with the Yoast SEO plugin v27.0 - https:\/\/yoast.com\/product\/yoast-seo-wordpress\/ -->\n<title>Copyright Policy<\/title>\n<meta name=\"robots\" content=\"index, follow, max-snippet:-1, max-image-preview:large, max-video-preview:-1\" \/>\n<link rel=\"canonical\" href=\"https:\/\/www.onlyfa.app\/pt\/politica-de-direitos-autorais\/\" \/>\n<meta property=\"og:locale\" content=\"pt_BR\" \/>\n<meta property=\"og:type\" content=\"article\" \/>\n<meta property=\"og:title\" content=\"Copyright Policy\" \/>\n<meta property=\"og:description\" content=\"Copyright Policy All content displayed within the OnlyFans App is the property of their respective creators and owners. We do not own, control, or distribute any of the content found on OnlyFans. Our OnlyFans App APK functions as a WebView browser and does not modify, store, or claim ownership of any content. Unauthorized redistribution, copying,&hellip;\" \/>\n<meta property=\"og:url\" content=\"https:\/\/www.onlyfa.app\/pt\/politica-de-direitos-autorais\/\" \/>\n<meta property=\"og:site_name\" content=\"OnlyFans\" \/>\n<meta property=\"article:modified_time\" content=\"2025-03-16T10:47:19+00:00\" \/>\n<meta property=\"og:image\" content=\"https:\/\/www.onlyfa.app\/wp-content\/uploads\/OnlyFans-Apk-Download.png\" \/>\n\t<meta property=\"og:image:width\" content=\"1280\" \/>\n\t<meta property=\"og:image:height\" content=\"720\" \/>\n\t<meta property=\"og:image:type\" content=\"image\/png\" \/>\n<meta name=\"twitter:card\" content=\"summary_large_image\" \/>\n<meta name=\"twitter:label1\" content=\"Est. tempo de leitura\" \/>\n\t<meta name=\"twitter:data1\" content=\"1 minuto\" \/>\n<script type=\"application\/ld+json\" class=\"yoast-schema-graph\">{\"@context\":\"https:\/\/schema.org\",\"@graph\":[{\"@type\":\"WebPage\",\"@id\":\"https:\/\/www.onlyfa.app\/copyright-policy\/\",\"url\":\"https:\/\/www.onlyfa.app\/copyright-policy\/\",\"name\":\"Copyright Policy\",\"isPartOf\":{\"@id\":\"https:\/\/www.onlyfa.app\/#website\"},\"datePublished\":\"2025-03-16T10:45:43+00:00\",\"dateModified\":\"2025-03-16T10:47:19+00:00\",\"breadcrumb\":{\"@id\":\"https:\/\/www.onlyfa.app\/copyright-policy\/#breadcrumb\"},\"inLanguage\":\"pt-BR\",\"potentialAction\":[{\"@type\":\"ReadAction\",\"target\":[\"https:\/\/www.onlyfa.app\/copyright-policy\/\"]}]},{\"@type\":\"BreadcrumbList\",\"@id\":\"https:\/\/www.onlyfa.app\/copyright-policy\/#breadcrumb\",\"itemListElement\":[{\"@type\":\"ListItem\",\"position\":1,\"name\":\"Home\",\"item\":\"https:\/\/www.onlyfa.app\/\"},{\"@type\":\"ListItem\",\"position\":2,\"name\":\"Copyright Policy\"}]},{\"@type\":\"WebSite\",\"@id\":\"https:\/\/www.onlyfa.app\/#website\",\"url\":\"https:\/\/www.onlyfa.app\/\",\"name\":\"OnlyFans\",\"description\":\"Download OnlyFans App Apk\",\"publisher\":{\"@id\":\"https:\/\/www.onlyfa.app\/#organization\"},\"alternateName\":\"OnlyFans App\",\"potentialAction\":[{\"@type\":\"SearchAction\",\"target\":{\"@type\":\"EntryPoint\",\"urlTemplate\":\"https:\/\/www.onlyfa.app\/?s={search_term_string}\"},\"query-input\":{\"@type\":\"PropertyValueSpecification\",\"valueRequired\":true,\"valueName\":\"search_term_string\"}}],\"inLanguage\":\"pt-BR\"},{\"@type\":\"Organization\",\"@id\":\"https:\/\/www.onlyfa.app\/#organization\",\"name\":\"OnlyFans\",\"alternateName\":\"OnlyFans App\",\"url\":\"https:\/\/www.onlyfa.app\/\",\"logo\":{\"@type\":\"ImageObject\",\"inLanguage\":\"pt-BR\",\"@id\":\"https:\/\/www.onlyfa.app\/#\/schema\/logo\/image\/\",\"url\":\"https:\/\/onlyfa.app\/wp-content\/uploads\/OnlyFans-Icon.png\",\"contentUrl\":\"https:\/\/onlyfa.app\/wp-content\/uploads\/OnlyFans-Icon.png\",\"width\":512,\"height\":512,\"caption\":\"OnlyFans\"},\"image\":{\"@id\":\"https:\/\/www.onlyfa.app\/#\/schema\/logo\/image\/\"}}]}<\/script>\n<!-- \/ Yoast SEO plugin. -->","yoast_head_json":{"title":"Pol\u00edtica de direitos autorais","robots":{"index":"index","follow":"follow","max-snippet":"max-snippet:-1","max-image-preview":"max-image-preview:large","max-video-preview":"max-video-preview:-1"},"canonical":"https:\/\/www.onlyfa.app\/pt\/politica-de-direitos-autorais\/","og_locale":"pt_BR","og_type":"article","og_title":"Copyright Policy","og_description":"Copyright Policy All content displayed within the OnlyFans App is the property of their respective creators and owners. We do not own, control, or distribute any of the content found on OnlyFans. Our OnlyFans App APK functions as a WebView browser and does not modify, store, or claim ownership of any content. Unauthorized redistribution, copying,&hellip;","og_url":"https:\/\/www.onlyfa.app\/pt\/politica-de-direitos-autorais\/","og_site_name":"OnlyFans","article_modified_time":"2025-03-16T10:47:19+00:00","og_image":[{"width":1280,"height":720,"url":"https:\/\/www.onlyfa.app\/wp-content\/uploads\/OnlyFans-Apk-Download.png","type":"image\/png"}],"twitter_card":"summary_large_image","twitter_misc":{"Est. tempo de leitura":"1 minuto"},"schema":{"@context":"https:\/\/schema.org","@graph":[{"@type":"WebPage","@id":"https:\/\/www.onlyfa.app\/copyright-policy\/","url":"https:\/\/www.onlyfa.app\/copyright-policy\/","name":"Pol\u00edtica de direitos autorais","isPartOf":{"@id":"https:\/\/www.onlyfa.app\/#website"},"datePublished":"2025-03-16T10:45:43+00:00","dateModified":"2025-03-16T10:47:19+00:00","breadcrumb":{"@id":"https:\/\/www.onlyfa.app\/copyright-policy\/#breadcrumb"},"inLanguage":"pt-BR","potentialAction":[{"@type":"ReadAction","target":["https:\/\/www.onlyfa.app\/copyright-policy\/"]}]},{"@type":"BreadcrumbList","@id":"https:\/\/www.onlyfa.app\/copyright-policy\/#breadcrumb","itemListElement":[{"@type":"ListItem","position":1,"name":"Home","item":"https:\/\/www.onlyfa.app\/"},{"@type":"ListItem","position":2,"name":"Copyright Policy"}]},{"@type":"WebSite","@id":"https:\/\/www.onlyfa.app\/#website","url":"https:\/\/www.onlyfa.app\/","name":"Somente f\u00e3s","description":"Baixar o aplicativo OnlyFans Apk","publisher":{"@id":"https:\/\/www.onlyfa.app\/#organization"},"alternateName":"OnlyFans App","potentialAction":[{"@type":"SearchAction","target":{"@type":"EntryPoint","urlTemplate":"https:\/\/www.onlyfa.app\/?s={search_term_string}"},"query-input":{"@type":"PropertyValueSpecification","valueRequired":true,"valueName":"search_term_string"}}],"inLanguage":"pt-BR"},{"@type":"Organization","@id":"https:\/\/www.onlyfa.app\/#organization","name":"Somente f\u00e3s","alternateName":"OnlyFans App","url":"https:\/\/www.onlyfa.app\/","logo":{"@type":"ImageObject","inLanguage":"pt-BR","@id":"https:\/\/www.onlyfa.app\/#\/schema\/logo\/image\/","url":"https:\/\/onlyfa.app\/wp-content\/uploads\/OnlyFans-Icon.png","contentUrl":"https:\/\/onlyfa.app\/wp-content\/uploads\/OnlyFans-Icon.png","width":512,"height":512,"caption":"OnlyFans"},"image":{"@id":"https:\/\/www.onlyfa.app\/#\/schema\/logo\/image\/"}}]}},"_links":{"self":[{"href":"https:\/\/www.onlyfa.app\/pt\/wp-json\/wp\/v2\/pages\/82","targetHints":{"allow":["GET"]}}],"collection":[{"href":"https:\/\/www.onlyfa.app\/pt\/wp-json\/wp\/v2\/pages"}],"about":[{"href":"https:\/\/www.onlyfa.app\/pt\/wp-json\/wp\/v2\/types\/page"}],"author":[{"embeddable":true,"href":"https:\/\/www.onlyfa.app\/pt\/wp-json\/wp\/v2\/users\/1"}],"replies":[{"embeddable":true,"href":"https:\/\/www.onlyfa.app\/pt\/wp-json\/wp\/v2\/comments?post=82"}],"version-history":[{"count":4,"href":"https:\/\/www.onlyfa.app\/pt\/wp-json\/wp\/v2\/pages\/82\/revisions"}],"predecessor-version":[{"id":86,"href":"https:\/\/www.onlyfa.app\/pt\/wp-json\/wp\/v2\/pages\/82\/revisions\/86"}],"wp:attachment":[{"href":"https:\/\/www.onlyfa.app\/pt\/wp-json\/wp\/v2\/media?parent=82"}],"curies":[{"name":"wp","href":"https:\/\/api.w.org\/{rel}","templated":true}]}}