{"id":93,"date":"2025-03-16T10:55:49","date_gmt":"2025-03-16T10:55:49","guid":{"rendered":"https:\/\/wordpress-1205845-5339156.cloudwaysapps.com\/?page_id=93"},"modified":"2025-03-16T11:00:39","modified_gmt":"2025-03-16T11:00:39","slug":"politica-de-privacidade","status":"publish","type":"page","link":"https:\/\/www.onlyfa.app\/pt\/politica-de-privacidade\/","title":{"rendered":"Pol\u00edtica de privacidade"},"content":{"rendered":"<div data-elementor-type=\"wp-page\" data-elementor-id=\"93\" class=\"elementor elementor-93\">\n\t\t\t\t<div class=\"elementor-element elementor-element-d26db4e e-grid e-con-boxed e-con e-parent\" data-id=\"d26db4e\" data-element_type=\"container\" data-e-type=\"container\" data-settings=\"{&quot;background_background&quot;:&quot;classic&quot;}\">\n\t\t\t\t\t<div class=\"e-con-inner\">\n\t\t<div class=\"elementor-element elementor-element-969db52 e-flex e-con-boxed e-con e-child\" data-id=\"969db52\" data-element_type=\"container\" data-e-type=\"container\">\n\t\t\t\t\t<div class=\"e-con-inner\">\n\t\t\t\t<div class=\"elementor-element elementor-element-d3a9972 elementor-widget elementor-widget-heading\" data-id=\"d3a9972\" data-element_type=\"widget\" data-e-type=\"widget\" data-widget_type=\"heading.default\">\n\t\t\t\t<div class=\"elementor-widget-container\">\n\t\t\t\t\t<h1 class=\"elementor-heading-title elementor-size-default\">Pol\u00edtica de privacidade<\/h1>\t\t\t\t<\/div>\n\t\t\t\t<\/div>\n\t\t\t\t<div class=\"elementor-element elementor-element-0e682a9 elementor-widget elementor-widget-text-editor\" data-id=\"0e682a9\" data-element_type=\"widget\" data-e-type=\"widget\" data-widget_type=\"text-editor.default\">\n\t\t\t\t<div class=\"elementor-widget-container\">\n\t\t\t\t\t\t\t\t\t<p data-start=\"59\" data-end=\"298\">Bem-vindo ao <a href=\"\/pt\/\"><strong data-start=\"70\" data-end=\"86\">Aplicativo OnlyFans<\/strong><\/a>. Sua privacidade \u00e9 importante para n\u00f3s. Este <strong data-start=\"126\" data-end=\"144\">Pol\u00edtica de privacidade<\/strong> explica como coletamos, usamos e protegemos suas informa\u00e7\u00f5es pessoais quando voc\u00ea visita nosso site, usa nossos servi\u00e7os ou faz o download do <strong data-start=\"275\" data-end=\"295\">Aplicativo OnlyFans APK<\/strong>.<\/p><p data-start=\"300\" data-end=\"439\">Ao usar nosso site, voc\u00ea concorda com os termos descritos nesta Pol\u00edtica de Privacidade. Se n\u00e3o concordar, interrompa o uso de nossos servi\u00e7os.<\/p><hr data-start=\"441\" data-end=\"444\" \/><h2 data-start=\"446\" data-end=\"480\"><strong data-start=\"449\" data-end=\"478\">1. Informa\u00e7\u00f5es que coletamos<\/strong><\/h2><p data-start=\"482\" data-end=\"571\">Coletamos v\u00e1rios tipos de dados para aprimorar nosso site e garantir uma experi\u00eancia segura.<\/p><h3 data-start=\"573\" data-end=\"614\"><strong data-start=\"577\" data-end=\"612\">A. Dados coletados automaticamente<\/strong><\/h3><p data-start=\"615\" data-end=\"1015\">Quando voc\u00ea visita nosso site, coletamos determinados dados automaticamente por meio de tecnologias de rastreamento, como <strong data-start=\"719\" data-end=\"770\">cookies, ferramentas de an\u00e1lise e servi\u00e7os de seguran\u00e7a<\/strong>. Esses dados incluem:<br data-start=\"791\" data-end=\"794\" \/>\u2714\ufe0f <strong data-start=\"797\" data-end=\"811\">Endere\u00e7o IP<\/strong><br data-start=\"811\" data-end=\"814\" \/>\u2714\ufe0f <strong data-start=\"817\" data-end=\"839\">Informa\u00e7\u00f5es sobre o dispositivo<\/strong> (Tipo de navegador, sistema operacional, modelo do dispositivo, etc.)<br data-start=\"892\" data-end=\"895\" \/>\u2714\ufe0f <strong data-start=\"898\" data-end=\"915\">Dados de localiza\u00e7\u00e3o<\/strong> (Se estiver ativado em seu dispositivo)<br data-start=\"943\" data-end=\"946\" \/>\u2714\ufe0f <strong data-start=\"949\" data-end=\"971\">Dados de uso do site<\/strong> (P\u00e1ginas visitadas, tempo gasto, cliques, etc.)<\/p><p data-start=\"1017\" data-end=\"1092\">Esses dados nos ajudam a analisar o comportamento do usu\u00e1rio e a melhorar o desempenho do site.<\/p><h3 data-start=\"1094\" data-end=\"1130\"><strong data-start=\"1098\" data-end=\"1128\">B. Informa\u00e7\u00f5es fornecidas pelo usu\u00e1rio<\/strong><\/h3><p data-start=\"1131\" data-end=\"1330\">Se voc\u00ea interagir conosco preenchendo um formul\u00e1rio de contato, assinando nosso boletim informativo ou enviando-nos um e-mail, poderemos coletar:<br data-start=\"1248\" data-end=\"1251\" \/>\u2714\ufe0f <strong data-start=\"1254\" data-end=\"1267\">Seu nome<\/strong><br data-start=\"1267\" data-end=\"1270\" \/>\u2714\ufe0f <strong data-start=\"1273\" data-end=\"1295\">Seu endere\u00e7o de e-mail<\/strong><br data-start=\"1295\" data-end=\"1298\" \/>\u2714\ufe0f <strong data-start=\"1301\" data-end=\"1328\">Sua mensagem ou consulta<\/strong><\/p><p data-start=\"1332\" data-end=\"1450\">Fazemos <strong data-start=\"1338\" data-end=\"1345\">n\u00e3o<\/strong> coletar informa\u00e7\u00f5es pessoais confidenciais, como detalhes financeiros, senhas ou IDs emitidas pelo governo.<\/p><hr data-start=\"1452\" data-end=\"1455\" \/><h2 data-start=\"1457\" data-end=\"1496\"><strong data-start=\"1460\" data-end=\"1494\">2. Como usamos suas informa\u00e7\u00f5es<\/strong><\/h2><p data-start=\"1498\" data-end=\"1987\">Usamos as informa\u00e7\u00f5es coletadas para as seguintes finalidades:<br data-start=\"1554\" data-end=\"1557\" \/>\u2705 <strong data-start=\"1559\" data-end=\"1590\">Melhorar o desempenho do site<\/strong> - Acompanhe o comportamento do visitante para otimizar a experi\u00eancia do usu\u00e1rio.<br data-start=\"1644\" data-end=\"1647\" \/>\u2705 <strong data-start=\"1649\" data-end=\"1680\">Seguran\u00e7a e preven\u00e7\u00e3o de fraudes<\/strong> - Proteja-se contra ataques maliciosos usando <strong data-start=\"1723\" data-end=\"1737\">Cloudflare<\/strong>.<br data-start=\"1738\" data-end=\"1741\" \/>\u2705 <strong data-start=\"1743\" data-end=\"1770\">Publicidade e marketing<\/strong> - Exibir an\u00fancios personalizados por meio de <strong data-start=\"1802\" data-end=\"1816\">An\u00fancios do Google<\/strong>.<br data-start=\"1817\" data-end=\"1820\" \/>\u2705 <strong data-start=\"1822\" data-end=\"1846\">An\u00e1lises e percep\u00e7\u00f5es<\/strong> - Uso <strong data-start=\"1853\" data-end=\"1873\">Google Analytics<\/strong> para analisar o tr\u00e1fego e as tend\u00eancias.<br data-start=\"1904\" data-end=\"1907\" \/>\u2705 <strong data-start=\"1909\" data-end=\"1926\">Comunica\u00e7\u00e3o<\/strong> - Responda a consultas, forne\u00e7a suporte e envie atualiza\u00e7\u00f5es.<\/p><p data-start=\"1989\" data-end=\"2062\">N\u00f3s <strong data-start=\"1992\" data-end=\"2023\">n\u00e3o vender, alugar ou trocar<\/strong> seus dados pessoais a terceiros.<\/p><hr data-start=\"2064\" data-end=\"2067\" \/><h2 data-start=\"2069\" data-end=\"2114\"><strong data-start=\"2072\" data-end=\"2112\">3. Cookies e tecnologias de rastreamento<\/strong><\/h2><p data-start=\"2116\" data-end=\"2209\">Usamos cookies e tecnologias semelhantes para aprimorar sua experi\u00eancia de navega\u00e7\u00e3o. Isso inclui:<\/p><p data-start=\"2211\" data-end=\"2522\">\ud83d\udd39 <strong data-start=\"2214\" data-end=\"2236\">Cookies essenciais:<\/strong> Necess\u00e1rio para a funcionalidade do site.<br data-start=\"2273\" data-end=\"2276\" \/>\ud83d\udd39 <strong data-start=\"2279\" data-end=\"2301\">Cookies anal\u00edticos:<\/strong> Usado por <strong data-start=\"2310\" data-end=\"2330\">Google Analytics<\/strong> para rastrear as intera\u00e7\u00f5es do usu\u00e1rio.<br data-start=\"2358\" data-end=\"2361\" \/>\ud83d\udd39 <strong data-start=\"2364\" data-end=\"2388\">Cookies de publicidade:<\/strong> Usado por <strong data-start=\"2397\" data-end=\"2411\">An\u00fancios do Google<\/strong> para exibir an\u00fancios relevantes.<br data-start=\"2447\" data-end=\"2450\" \/>\ud83d\udd39 <strong data-start=\"2453\" data-end=\"2474\">Cookies de seguran\u00e7a:<\/strong> Gerenciado por <strong data-start=\"2486\" data-end=\"2500\">Cloudflare<\/strong> para evitar ataques.<\/p><p data-start=\"2524\" data-end=\"2651\">Voc\u00ea pode gerenciar ou desativar os cookies por meio das configura\u00e7\u00f5es do seu navegador. Entretanto, a desativa\u00e7\u00e3o dos cookies pode afetar a funcionalidade do site.<\/p><hr data-start=\"2653\" data-end=\"2656\" \/><h2 data-start=\"2658\" data-end=\"2697\"><strong data-start=\"2661\" data-end=\"2695\">4. Servi\u00e7os de terceiros que usamos<\/strong><\/h2><h3 data-start=\"2699\" data-end=\"2722\"><strong data-start=\"2703\" data-end=\"2720\">A. An\u00fancios do Google<\/strong><\/h3><p data-start=\"2723\" data-end=\"2833\">Usamos <strong data-start=\"2730\" data-end=\"2744\">An\u00fancios do Google<\/strong> para veicular an\u00fancios relevantes. O Google pode coletar dados de navega\u00e7\u00e3o para personalizar an\u00fancios.<\/p><p data-start=\"2835\" data-end=\"2934\"><strong data-start=\"2835\" data-end=\"2877\">Para optar por n\u00e3o receber an\u00fancios personalizados, visite:<\/strong> <a href=\"https:\/\/adssettings.google.com\/\" target=\"_blank\" rel=\"noopener\" data-start=\"2878\" data-end=\"2932\">Configura\u00e7\u00f5es do Google Ads<\/a><\/p><h3 data-start=\"2936\" data-end=\"2965\"><strong data-start=\"2940\" data-end=\"2963\">B. Google Analytics<\/strong><\/h3><p data-start=\"2966\" data-end=\"3104\">Usamos <strong data-start=\"2973\" data-end=\"2993\">Google Analytics<\/strong> para rastrear o tr\u00e1fego do site e melhorar o desempenho. Esse servi\u00e7o coleta dados an\u00f4nimos sobre o comportamento do usu\u00e1rio.<\/p><p data-start=\"3106\" data-end=\"3197\"><strong data-start=\"3106\" data-end=\"3134\">Para obter mais detalhes, acesse:<\/strong> <a href=\"https:\/\/policies.google.com\/\" target=\"_blank\" rel=\"noopener\" data-start=\"3135\" data-end=\"3195\">Pol\u00edtica de privacidade do Google<\/a><\/p><h3 data-start=\"3199\" data-end=\"3222\"><strong data-start=\"3203\" data-end=\"3220\">C. Cloudflare<\/strong><\/h3><p data-start=\"3223\" data-end=\"3368\">Usamos <strong data-start=\"3230\" data-end=\"3244\">Cloudflare<\/strong> para proteger nosso site contra amea\u00e7as cibern\u00e9ticas e melhorar o desempenho. A Cloudflare pode coletar endere\u00e7os IP e registros de seguran\u00e7a.<\/p><p data-start=\"3370\" data-end=\"3471\"><strong data-start=\"3370\" data-end=\"3398\">Para obter mais detalhes, acesse:<\/strong> <a href=\"https:\/\/www.cloudflare.com\/privacypolicy\/\" target=\"_blank\" rel=\"noopener\" data-start=\"3399\" data-end=\"3469\">Pol\u00edtica de privacidade da Cloudflare<\/a><\/p><h3 data-start=\"3473\" data-end=\"3509\"><strong data-start=\"3477\" data-end=\"3507\">D. Anunciantes de terceiros<\/strong><\/h3><p data-start=\"3510\" data-end=\"3688\">Al\u00e9m do Google Ads, podemos trabalhar com outros <strong data-start=\"3553\" data-end=\"3577\">redes de publicidade<\/strong> que usam cookies para exibir an\u00fancios relevantes. Esses terceiros podem coletar dados de navega\u00e7\u00e3o para personalizar o conte\u00fado.<\/p><hr data-start=\"3690\" data-end=\"3693\" \/><h2 data-start=\"3695\" data-end=\"3735\"><strong data-start=\"3698\" data-end=\"3733\">5. Prote\u00e7\u00e3o e seguran\u00e7a de dados<\/strong><\/h2><p data-start=\"3737\" data-end=\"4055\">Levamos a seguran\u00e7a a s\u00e9rio e implementamos medidas para proteger suas informa\u00e7\u00f5es pessoais:<br data-start=\"3824\" data-end=\"3827\" \/>\u2714\ufe0f <strong data-start=\"3830\" data-end=\"3848\">Criptografia SSL<\/strong> - Transmiss\u00e3o segura de dados pela Internet.<br data-start=\"3894\" data-end=\"3897\" \/>\u2714\ufe0f <strong data-start=\"3900\" data-end=\"3925\">Prote\u00e7\u00e3o da Cloudflare<\/strong> - Evita amea\u00e7as cibern\u00e9ticas e ataques DDoS.<br data-start=\"3968\" data-end=\"3971\" \/>\u2714\ufe0f <strong data-start=\"3974\" data-end=\"4001\">Auditorias de seguran\u00e7a regulares<\/strong> - Para detectar vulnerabilidades e garantir a seguran\u00e7a dos dados.<\/p><p data-start=\"4057\" data-end=\"4143\">Apesar desses esfor\u00e7os, nenhum site \u00e9 100% seguro. Use nossos servi\u00e7os por sua pr\u00f3pria conta e risco.<\/p><hr data-start=\"4145\" data-end=\"4148\" \/><h2 data-start=\"4150\" data-end=\"4185\"><strong data-start=\"4153\" data-end=\"4183\">6. Seus direitos e escolhas<\/strong><\/h2><p data-start=\"4187\" data-end=\"4550\">Voc\u00ea tem os seguintes direitos em rela\u00e7\u00e3o aos seus dados pessoais:<br data-start=\"4246\" data-end=\"4249\" \/>\u2705 <strong data-start=\"4251\" data-end=\"4271\">Acesse seus dados<\/strong> - Solicitar informa\u00e7\u00f5es sobre os dados que possu\u00edmos.<br data-start=\"4318\" data-end=\"4321\" \/>\u2705 <strong data-start=\"4323\" data-end=\"4344\">Corrigir seus dados<\/strong> - Pe\u00e7a-nos para atualizar ou corrigir informa\u00e7\u00f5es incorretas.<br data-start=\"4393\" data-end=\"4396\" \/>\u2705 <strong data-start=\"4398\" data-end=\"4418\">Excluir seus dados<\/strong> - Solicitar a remo\u00e7\u00e3o de suas informa\u00e7\u00f5es pessoais.<br data-start=\"4470\" data-end=\"4473\" \/>\u2705 <strong data-start=\"4475\" data-end=\"4498\">Desativa\u00e7\u00e3o do rastreamento<\/strong> - Desativar cookies ou optar por n\u00e3o receber an\u00fancios personalizados.<\/p><p data-start=\"4552\" data-end=\"4630\">Para exercer esses direitos, entre em contato conosco pelo e-mail onlyfansunofficial@gmail.com.<\/p><hr data-start=\"4632\" data-end=\"4635\" \/><h2 data-start=\"4637\" data-end=\"4678\"><strong data-start=\"4640\" data-end=\"4676\">7. Links para sites de terceiros<\/strong><\/h2><p data-start=\"4680\" data-end=\"4869\">Nosso site pode conter links para sites externos (como o OnlyFans.com). N\u00f3s somos <strong data-start=\"4762\" data-end=\"4781\">n\u00e3o respons\u00e1vel<\/strong> para suas pol\u00edticas de privacidade. Leia os termos antes de compartilhar qualquer informa\u00e7\u00e3o.<\/p><hr data-start=\"4871\" data-end=\"4874\" \/><h2 data-start=\"4876\" data-end=\"4906\"><strong data-start=\"4879\" data-end=\"4904\">8. Privacidade das crian\u00e7as<\/strong><\/h2><p data-start=\"4908\" data-end=\"5127\">Nossos servi\u00e7os s\u00e3o <strong data-start=\"4925\" data-end=\"4971\">n\u00e3o se destina a usu\u00e1rios com menos de 18 anos de idade<\/strong>. N\u00e3o coletamos intencionalmente dados pessoais de menores de idade. Se voc\u00ea acredita que um menor nos forneceu informa\u00e7\u00f5es, entre em contato conosco para remo\u00e7\u00e3o imediata.<\/p><hr data-start=\"5129\" data-end=\"5132\" \/><h2 data-start=\"5134\" data-end=\"5176\"><strong data-start=\"5137\" data-end=\"5174\">9. Altera\u00e7\u00f5es a esta Pol\u00edtica de Privacidade<\/strong><\/h2><p data-start=\"5178\" data-end=\"5317\">Podemos atualizar este <strong data-start=\"5197\" data-end=\"5215\">Pol\u00edtica de privacidade<\/strong> periodicamente. Quaisquer altera\u00e7\u00f5es ser\u00e3o publicadas nesta p\u00e1gina, e recomendamos que voc\u00ea a revise regularmente.<\/p><hr data-start=\"5352\" data-end=\"5355\" \/><h2 data-start=\"5357\" data-end=\"5380\"><strong data-start=\"5360\" data-end=\"5378\">10. Entre em contato conosco<\/strong><\/h2><p data-start=\"5382\" data-end=\"5460\">Se tiver alguma d\u00favida sobre esta Pol\u00edtica de Privacidade, entre em contato conosco:<\/p><p data-start=\"5382\" data-end=\"5460\">\ud83d\udccd <strong data-start=\"5543\" data-end=\"5561\">Suporte:<\/strong>\u00a0 <a href=\"\/pt\/entre-em-contato-conosco\/\">Entre em contato conosco<\/a><\/p><p data-start=\"5606\" data-end=\"5738\" data-is-last-node=\"\" data-is-only-node=\"\">Ao usar nosso site e fazer o download do <strong data-start=\"5647\" data-end=\"5667\">Aplicativo OnlyFans APK<\/strong>Se voc\u00ea n\u00e3o aceitar a Pol\u00edtica de Privacidade, voc\u00ea reconhece que leu e concordou com ela.<\/p>\t\t\t\t\t\t\t\t<\/div>\n\t\t\t\t<\/div>\n\t\t\t\t\t<\/div>\n\t\t\t\t<\/div>\n\t\t\t\t\t<\/div>\n\t\t\t\t<\/div>\n\t\t\t\t<\/div>","protected":false},"excerpt":{"rendered":"<p>Privacy Policy Welcome to OnlyFans App. Your privacy is important to us. This Privacy Policy explains how we collect, use, and protect your personal information when you visit our website, use our services, or download the OnlyFans App APK. By using our website, you agree to the terms outlined in this Privacy Policy. If you&hellip;<\/p>","protected":false},"author":1,"featured_media":0,"parent":0,"menu_order":0,"comment_status":"closed","ping_status":"closed","template":"elementor_header_footer","meta":{"footnotes":""},"class_list":["post-93","page","type-page","status-publish","hentry"],"yoast_head":"<!-- This site is optimized with the Yoast SEO plugin v27.0 - https:\/\/yoast.com\/product\/yoast-seo-wordpress\/ -->\n<title>Privacy Policy<\/title>\n<meta name=\"robots\" content=\"index, follow, max-snippet:-1, max-image-preview:large, max-video-preview:-1\" \/>\n<link rel=\"canonical\" href=\"https:\/\/www.onlyfa.app\/pt\/politica-de-privacidade\/\" \/>\n<meta property=\"og:locale\" content=\"pt_BR\" \/>\n<meta property=\"og:type\" content=\"article\" \/>\n<meta property=\"og:title\" content=\"Privacy Policy\" \/>\n<meta property=\"og:description\" content=\"Privacy Policy Welcome to OnlyFans App. Your privacy is important to us. This Privacy Policy explains how we collect, use, and protect your personal information when you visit our website, use our services, or download the OnlyFans App APK. By using our website, you agree to the terms outlined in this Privacy Policy. If you&hellip;\" \/>\n<meta property=\"og:url\" content=\"https:\/\/www.onlyfa.app\/pt\/politica-de-privacidade\/\" \/>\n<meta property=\"og:site_name\" content=\"OnlyFans\" \/>\n<meta property=\"article:modified_time\" content=\"2025-03-16T11:00:39+00:00\" \/>\n<meta property=\"og:image\" content=\"https:\/\/www.onlyfa.app\/wp-content\/uploads\/OnlyFans-Apk-Download.png\" \/>\n\t<meta property=\"og:image:width\" content=\"1280\" \/>\n\t<meta property=\"og:image:height\" content=\"720\" \/>\n\t<meta property=\"og:image:type\" content=\"image\/png\" \/>\n<meta name=\"twitter:card\" content=\"summary_large_image\" \/>\n<meta name=\"twitter:label1\" content=\"Est. tempo de leitura\" \/>\n\t<meta name=\"twitter:data1\" content=\"4 minutos\" \/>\n<script type=\"application\/ld+json\" class=\"yoast-schema-graph\">{\"@context\":\"https:\/\/schema.org\",\"@graph\":[{\"@type\":\"WebPage\",\"@id\":\"https:\/\/www.onlyfa.app\/privacy-policy\/\",\"url\":\"https:\/\/www.onlyfa.app\/privacy-policy\/\",\"name\":\"Privacy Policy\",\"isPartOf\":{\"@id\":\"https:\/\/www.onlyfa.app\/#website\"},\"datePublished\":\"2025-03-16T10:55:49+00:00\",\"dateModified\":\"2025-03-16T11:00:39+00:00\",\"breadcrumb\":{\"@id\":\"https:\/\/www.onlyfa.app\/privacy-policy\/#breadcrumb\"},\"inLanguage\":\"pt-BR\",\"potentialAction\":[{\"@type\":\"ReadAction\",\"target\":[\"https:\/\/www.onlyfa.app\/privacy-policy\/\"]}]},{\"@type\":\"BreadcrumbList\",\"@id\":\"https:\/\/www.onlyfa.app\/privacy-policy\/#breadcrumb\",\"itemListElement\":[{\"@type\":\"ListItem\",\"position\":1,\"name\":\"Home\",\"item\":\"https:\/\/www.onlyfa.app\/\"},{\"@type\":\"ListItem\",\"position\":2,\"name\":\"Privacy Policy\"}]},{\"@type\":\"WebSite\",\"@id\":\"https:\/\/www.onlyfa.app\/#website\",\"url\":\"https:\/\/www.onlyfa.app\/\",\"name\":\"OnlyFans\",\"description\":\"Download OnlyFans App Apk\",\"publisher\":{\"@id\":\"https:\/\/www.onlyfa.app\/#organization\"},\"alternateName\":\"OnlyFans App\",\"potentialAction\":[{\"@type\":\"SearchAction\",\"target\":{\"@type\":\"EntryPoint\",\"urlTemplate\":\"https:\/\/www.onlyfa.app\/?s={search_term_string}\"},\"query-input\":{\"@type\":\"PropertyValueSpecification\",\"valueRequired\":true,\"valueName\":\"search_term_string\"}}],\"inLanguage\":\"pt-BR\"},{\"@type\":\"Organization\",\"@id\":\"https:\/\/www.onlyfa.app\/#organization\",\"name\":\"OnlyFans\",\"alternateName\":\"OnlyFans App\",\"url\":\"https:\/\/www.onlyfa.app\/\",\"logo\":{\"@type\":\"ImageObject\",\"inLanguage\":\"pt-BR\",\"@id\":\"https:\/\/www.onlyfa.app\/#\/schema\/logo\/image\/\",\"url\":\"https:\/\/onlyfa.app\/wp-content\/uploads\/OnlyFans-Icon.png\",\"contentUrl\":\"https:\/\/onlyfa.app\/wp-content\/uploads\/OnlyFans-Icon.png\",\"width\":512,\"height\":512,\"caption\":\"OnlyFans\"},\"image\":{\"@id\":\"https:\/\/www.onlyfa.app\/#\/schema\/logo\/image\/\"}}]}<\/script>\n<!-- \/ Yoast SEO plugin. -->","yoast_head_json":{"title":"Pol\u00edtica de privacidade","robots":{"index":"index","follow":"follow","max-snippet":"max-snippet:-1","max-image-preview":"max-image-preview:large","max-video-preview":"max-video-preview:-1"},"canonical":"https:\/\/www.onlyfa.app\/pt\/politica-de-privacidade\/","og_locale":"pt_BR","og_type":"article","og_title":"Privacy Policy","og_description":"Privacy Policy Welcome to OnlyFans App. Your privacy is important to us. This Privacy Policy explains how we collect, use, and protect your personal information when you visit our website, use our services, or download the OnlyFans App APK. By using our website, you agree to the terms outlined in this Privacy Policy. If you&hellip;","og_url":"https:\/\/www.onlyfa.app\/pt\/politica-de-privacidade\/","og_site_name":"OnlyFans","article_modified_time":"2025-03-16T11:00:39+00:00","og_image":[{"width":1280,"height":720,"url":"https:\/\/www.onlyfa.app\/wp-content\/uploads\/OnlyFans-Apk-Download.png","type":"image\/png"}],"twitter_card":"summary_large_image","twitter_misc":{"Est. tempo de leitura":"4 minutos"},"schema":{"@context":"https:\/\/schema.org","@graph":[{"@type":"WebPage","@id":"https:\/\/www.onlyfa.app\/privacy-policy\/","url":"https:\/\/www.onlyfa.app\/privacy-policy\/","name":"Pol\u00edtica de privacidade","isPartOf":{"@id":"https:\/\/www.onlyfa.app\/#website"},"datePublished":"2025-03-16T10:55:49+00:00","dateModified":"2025-03-16T11:00:39+00:00","breadcrumb":{"@id":"https:\/\/www.onlyfa.app\/privacy-policy\/#breadcrumb"},"inLanguage":"pt-BR","potentialAction":[{"@type":"ReadAction","target":["https:\/\/www.onlyfa.app\/privacy-policy\/"]}]},{"@type":"BreadcrumbList","@id":"https:\/\/www.onlyfa.app\/privacy-policy\/#breadcrumb","itemListElement":[{"@type":"ListItem","position":1,"name":"Home","item":"https:\/\/www.onlyfa.app\/"},{"@type":"ListItem","position":2,"name":"Privacy Policy"}]},{"@type":"WebSite","@id":"https:\/\/www.onlyfa.app\/#website","url":"https:\/\/www.onlyfa.app\/","name":"Somente f\u00e3s","description":"Baixar o aplicativo OnlyFans Apk","publisher":{"@id":"https:\/\/www.onlyfa.app\/#organization"},"alternateName":"OnlyFans App","potentialAction":[{"@type":"SearchAction","target":{"@type":"EntryPoint","urlTemplate":"https:\/\/www.onlyfa.app\/?s={search_term_string}"},"query-input":{"@type":"PropertyValueSpecification","valueRequired":true,"valueName":"search_term_string"}}],"inLanguage":"pt-BR"},{"@type":"Organization","@id":"https:\/\/www.onlyfa.app\/#organization","name":"Somente f\u00e3s","alternateName":"OnlyFans App","url":"https:\/\/www.onlyfa.app\/","logo":{"@type":"ImageObject","inLanguage":"pt-BR","@id":"https:\/\/www.onlyfa.app\/#\/schema\/logo\/image\/","url":"https:\/\/onlyfa.app\/wp-content\/uploads\/OnlyFans-Icon.png","contentUrl":"https:\/\/onlyfa.app\/wp-content\/uploads\/OnlyFans-Icon.png","width":512,"height":512,"caption":"OnlyFans"},"image":{"@id":"https:\/\/www.onlyfa.app\/#\/schema\/logo\/image\/"}}]}},"_links":{"self":[{"href":"https:\/\/www.onlyfa.app\/pt\/wp-json\/wp\/v2\/pages\/93","targetHints":{"allow":["GET"]}}],"collection":[{"href":"https:\/\/www.onlyfa.app\/pt\/wp-json\/wp\/v2\/pages"}],"about":[{"href":"https:\/\/www.onlyfa.app\/pt\/wp-json\/wp\/v2\/types\/page"}],"author":[{"embeddable":true,"href":"https:\/\/www.onlyfa.app\/pt\/wp-json\/wp\/v2\/users\/1"}],"replies":[{"embeddable":true,"href":"https:\/\/www.onlyfa.app\/pt\/wp-json\/wp\/v2\/comments?post=93"}],"version-history":[{"count":4,"href":"https:\/\/www.onlyfa.app\/pt\/wp-json\/wp\/v2\/pages\/93\/revisions"}],"predecessor-version":[{"id":97,"href":"https:\/\/www.onlyfa.app\/pt\/wp-json\/wp\/v2\/pages\/93\/revisions\/97"}],"wp:attachment":[{"href":"https:\/\/www.onlyfa.app\/pt\/wp-json\/wp\/v2\/media?parent=93"}],"curies":[{"name":"wp","href":"https:\/\/api.w.org\/{rel}","templated":true}]}}